{"id":11205,"date":"2025-07-30T08:58:37","date_gmt":"2025-07-30T06:58:37","guid":{"rendered":"https:\/\/middex.de\/?page_id=11205"},"modified":"2025-10-01T17:28:46","modified_gmt":"2025-10-01T15:28:46","slug":"prodotti","status":"publish","type":"page","link":"https:\/\/middex.de\/it\/prodotti\/","title":{"rendered":"Prodotti"},"content":{"rendered":"\t\t<div data-elementor-type=\"wp-page\" data-elementor-id=\"11205\" class=\"elementor elementor-11205 elementor-11027\">\n\t\t\t\t<div class=\"elementor-element elementor-element-a72f5bb e-flex e-con-boxed e-con e-parent\" data-id=\"a72f5bb\" data-element_type=\"container\">\n\t\t\t\t\t<div class=\"e-con-inner\">\n\t\t\t\t<div class=\"elementor-element elementor-element-6cd93e3 elementor-widget elementor-widget-text-editor\" data-id=\"6cd93e3\" data-element_type=\"widget\" data-widget_type=\"text-editor.default\">\n\t\t\t\t<div class=\"elementor-widget-container\">\n\t\t\t\t\t\t\t\t\t<h1>I componenti ottimali per la vostra applicazione<\/h1><p class=\"western\" lang=\"it-IT\">Middex vi offre i componenti perfetti per creare il sistema di automazione ideale. Grazie a un ampio assortimento di motori passo-passo, controlli motore, sistemi di monitoraggio degli utensili e soluzioni compatibili \u201cpin to pin\u201d, insieme ai nostri esperti avete la possibilit\u00e0 di combinare tutti i componenti fino a ottenere una soluzione perfettamente adeguata alle vostre esigenze. Naturalmente c\u2019\u00e8 anche la possibilit\u00e0 di acquistare i nostri prodotti singolarmente. Questo evidenzia la flessibilit\u00e0 e l\u2019orientamento al cliente dell\u2019offerta Middex.<\/p>\t\t\t\t\t\t\t\t<\/div>\n\t\t\t\t<\/div>\n\t\t\t\t\t<\/div>\n\t\t\t\t<\/div>\n\t\t<div class=\"elementor-element elementor-element-db464a5 e-flex e-con-boxed e-con e-parent\" data-id=\"db464a5\" data-element_type=\"container\" data-settings=\"{&quot;background_background&quot;:&quot;classic&quot;}\">\n\t\t\t\t\t<div class=\"e-con-inner\">\n\t\t\t\t<div class=\"elementor-element elementor-element-2344e5d elementor-widget elementor-widget-heading\" data-id=\"2344e5d\" data-element_type=\"widget\" data-widget_type=\"heading.default\">\n\t\t\t\t<div class=\"elementor-widget-container\">\n\t\t\t\t\t<h2 class=\"elementor-heading-title elementor-size-default\">I nostri gruppi di prodotti<\/h2>\t\t\t\t<\/div>\n\t\t\t\t<\/div>\n\t\t\t\t\t<\/div>\n\t\t\t\t<\/div>\n\t\t<div class=\"elementor-element elementor-element-0ee2b6e e-flex e-con-boxed e-con e-parent\" data-id=\"0ee2b6e\" data-element_type=\"container\" data-settings=\"{&quot;background_background&quot;:&quot;classic&quot;}\">\n\t\t\t\t\t<div class=\"e-con-inner\">\n\t\t<div class=\"elementor-element elementor-element-c9cdf53 e-con-full produktgruppe gruppe-1 e-flex e-con e-child\" data-id=\"c9cdf53\" data-element_type=\"container\">\n\t\t\t\t<div class=\"elementor-element elementor-element-cfcfff7 elementor-widget elementor-widget-stal_core_icon_with_text\" data-id=\"cfcfff7\" data-element_type=\"widget\" data-widget_type=\"stal_core_icon_with_text.default\">\n\t\t\t\t<div class=\"elementor-widget-container\">\n\t\t\t\t\t<div class=\"qodef-shortcode qodef-m  qodef-icon-with-text qodef-layout--before-content  qodef--custom-icon \" >\n\t<div class=\"qodef-m-icon-wrapper\">\n\t\t\t\t\t<a itemprop=\"url\" href=\"\/it\/productgroup\/monitoraggio-utensili\/\" target=\"_self\">\n\t\t\t<img decoding=\"async\" width=\"115\" height=\"98\" src=\"https:\/\/middex.de\/wp-content\/uploads\/2025\/07\/product-icon-1.png\" class=\"attachment-full size-full\" alt=\"Werkzeug-\u00dcberwachung\" \/>\t\t\t<\/a>\n\t\t<\/div>\n\t<div class=\"qodef-m-content\">\n\t\t\t<h3 class=\"qodef-m-title\" >\n\t\t\t\t\t<a itemprop=\"url\" href=\"\/it\/productgroup\/monitoraggio-utensili\/\" target=\"_self\">\n\t\t\t\t\t<span class=\"qodef-m-title-text\">Monitoraggio utensili<\/span>\n\t\t\t\t\t<\/a>\n\t\t\t<\/h3>\n\t\t\t<\/div>\n<\/div>\t\t\t\t<\/div>\n\t\t\t\t<\/div>\n\t\t\t\t<div class=\"elementor-element elementor-element-f48a78b elementor-widget elementor-widget-image\" data-id=\"f48a78b\" data-element_type=\"widget\" data-widget_type=\"image.default\">\n\t\t\t\t<div class=\"elementor-widget-container\">\n\t\t\t\t\t\t\t\t\t\t\t\t\t\t\t\t<a href=\"\/it\/productgroup\/monitoraggio-utensili\/\">\n\t\t\t\t\t\t\t<img fetchpriority=\"high\" decoding=\"async\" width=\"400\" height=\"190\" src=\"https:\/\/middex.de\/wp-content\/uploads\/2025\/07\/kat-werkzeugueberwachung.webp\" class=\"attachment-full size-full wp-image-11077\" alt=\"Werkzeug-\u00dcberwachung\" srcset=\"https:\/\/middex.de\/wp-content\/uploads\/2025\/07\/kat-werkzeugueberwachung.webp 400w, https:\/\/middex.de\/wp-content\/uploads\/2025\/07\/kat-werkzeugueberwachung-300x143.webp 300w\" sizes=\"(max-width: 400px) 100vw, 400px\" \/>\t\t\t\t\t\t\t\t<\/a>\n\t\t\t\t\t\t\t\t\t\t\t\t\t\t\t<\/div>\n\t\t\t\t<\/div>\n\t\t\t\t<\/div>\n\t\t<div class=\"elementor-element elementor-element-3283325 e-con-full produktgruppe gruppe-2 e-flex e-con e-child\" data-id=\"3283325\" data-element_type=\"container\">\n\t\t\t\t<div class=\"elementor-element elementor-element-91e5d02 elementor-widget elementor-widget-stal_core_icon_with_text\" data-id=\"91e5d02\" data-element_type=\"widget\" data-widget_type=\"stal_core_icon_with_text.default\">\n\t\t\t\t<div class=\"elementor-widget-container\">\n\t\t\t\t\t<div class=\"qodef-shortcode qodef-m  qodef-icon-with-text qodef-layout--before-content  qodef--custom-icon \" >\n\t<div class=\"qodef-m-icon-wrapper\">\n\t\t\t\t\t<a itemprop=\"url\" href=\"\/productgroup\/schrittmotoren\/\" target=\"_self\">\n\t\t\t<img decoding=\"async\" width=\"115\" height=\"98\" src=\"https:\/\/middex.de\/wp-content\/uploads\/2025\/07\/product-icon-2.png\" class=\"attachment-full size-full\" alt=\"Schrittmotoren\" \/>\t\t\t<\/a>\n\t\t<\/div>\n\t<div class=\"qodef-m-content\">\n\t\t\t<h3 class=\"qodef-m-title\" >\n\t\t\t\t\t<a itemprop=\"url\" href=\"\/productgroup\/schrittmotoren\/\" target=\"_self\">\n\t\t\t\t\t<span class=\"qodef-m-title-text\">Motori passo passo<\/span>\n\t\t\t\t\t<\/a>\n\t\t\t<\/h3>\n\t\t\t<\/div>\n<\/div>\t\t\t\t<\/div>\n\t\t\t\t<\/div>\n\t\t\t\t<div class=\"elementor-element elementor-element-cabea0b elementor-widget elementor-widget-image\" data-id=\"cabea0b\" data-element_type=\"widget\" data-widget_type=\"image.default\">\n\t\t\t\t<div class=\"elementor-widget-container\">\n\t\t\t\t\t\t\t\t\t\t\t\t\t\t\t\t<a href=\"\/productgroup\/schrittmotoren\/\">\n\t\t\t\t\t\t\t<img loading=\"lazy\" decoding=\"async\" width=\"400\" height=\"190\" src=\"https:\/\/middex.de\/wp-content\/uploads\/2025\/07\/kat-schrittmotoren-1.webp\" class=\"attachment-full size-full wp-image-11073\" alt=\"Schrittmotoren\" srcset=\"https:\/\/middex.de\/wp-content\/uploads\/2025\/07\/kat-schrittmotoren-1.webp 400w, https:\/\/middex.de\/wp-content\/uploads\/2025\/07\/kat-schrittmotoren-1-300x143.webp 300w\" sizes=\"(max-width: 400px) 100vw, 400px\" \/>\t\t\t\t\t\t\t\t<\/a>\n\t\t\t\t\t\t\t\t\t\t\t\t\t\t\t<\/div>\n\t\t\t\t<\/div>\n\t\t\t\t<\/div>\n\t\t<div class=\"elementor-element elementor-element-b5f593e e-con-full produktgruppe gruppe-3 e-flex e-con e-child\" data-id=\"b5f593e\" data-element_type=\"container\">\n\t\t\t\t<div class=\"elementor-element elementor-element-de76dc9 elementor-widget elementor-widget-stal_core_icon_with_text\" data-id=\"de76dc9\" data-element_type=\"widget\" data-widget_type=\"stal_core_icon_with_text.default\">\n\t\t\t\t<div class=\"elementor-widget-container\">\n\t\t\t\t\t<div class=\"qodef-shortcode qodef-m  qodef-icon-with-text qodef-layout--before-content  qodef--custom-icon \" >\n\t<div class=\"qodef-m-icon-wrapper\">\n\t\t\t\t\t<a itemprop=\"url\" href=\"\/it\/productgroup\/soluzioni-pin-compatibili\/\" target=\"_self\">\n\t\t\t<img loading=\"lazy\" decoding=\"async\" width=\"115\" height=\"99\" src=\"https:\/\/middex.de\/wp-content\/uploads\/2025\/07\/product-icon-3.png\" class=\"attachment-full size-full\" alt=\"Pin-kompatible L\u00f6sungen\" \/>\t\t\t<\/a>\n\t\t<\/div>\n\t<div class=\"qodef-m-content\">\n\t\t\t<h3 class=\"qodef-m-title\" >\n\t\t\t\t\t<a itemprop=\"url\" href=\"\/it\/productgroup\/soluzioni-pin-compatibili\/\" target=\"_self\">\n\t\t\t\t\t<span class=\"qodef-m-title-text\">Soluzioni Pin-compatibili<\/span>\n\t\t\t\t\t<\/a>\n\t\t\t<\/h3>\n\t\t\t<\/div>\n<\/div>\t\t\t\t<\/div>\n\t\t\t\t<\/div>\n\t\t\t\t<div class=\"elementor-element elementor-element-424fd7d elementor-widget elementor-widget-image\" data-id=\"424fd7d\" data-element_type=\"widget\" data-widget_type=\"image.default\">\n\t\t\t\t<div class=\"elementor-widget-container\">\n\t\t\t\t\t\t\t\t\t\t\t\t\t\t\t\t<a href=\"\/it\/productgroup\/soluzioni-pin-compatibili\/\">\n\t\t\t\t\t\t\t<img loading=\"lazy\" decoding=\"async\" width=\"400\" height=\"190\" src=\"https:\/\/middex.de\/wp-content\/uploads\/2025\/07\/kat-pin-kompatibel.webp\" class=\"attachment-full size-full wp-image-11061\" alt=\"Pin-kompatible L\u00f6sungen\" srcset=\"https:\/\/middex.de\/wp-content\/uploads\/2025\/07\/kat-pin-kompatibel.webp 400w, https:\/\/middex.de\/wp-content\/uploads\/2025\/07\/kat-pin-kompatibel-300x143.webp 300w\" sizes=\"(max-width: 400px) 100vw, 400px\" \/>\t\t\t\t\t\t\t\t<\/a>\n\t\t\t\t\t\t\t\t\t\t\t\t\t\t\t<\/div>\n\t\t\t\t<\/div>\n\t\t\t\t<\/div>\n\t\t\t\t\t<\/div>\n\t\t\t\t<\/div>\n\t\t<div class=\"elementor-element elementor-element-742523a e-flex e-con-boxed e-con e-parent\" data-id=\"742523a\" data-element_type=\"container\" data-settings=\"{&quot;background_background&quot;:&quot;classic&quot;}\">\n\t\t\t\t\t<div class=\"e-con-inner\">\n\t\t<div class=\"elementor-element elementor-element-91e3540 e-con-full produktgruppe gruppe-4 e-flex e-con e-child\" data-id=\"91e3540\" data-element_type=\"container\">\n\t\t\t\t<div class=\"elementor-element elementor-element-cf33247 e-transform elementor-widget elementor-widget-stal_core_icon_with_text\" data-id=\"cf33247\" data-element_type=\"widget\" data-settings=\"{&quot;_transform_translateX_effect&quot;:{&quot;unit&quot;:&quot;px&quot;,&quot;size&quot;:&quot;&quot;,&quot;sizes&quot;:[]},&quot;_transform_translateX_effect_tablet&quot;:{&quot;unit&quot;:&quot;px&quot;,&quot;size&quot;:&quot;&quot;,&quot;sizes&quot;:[]},&quot;_transform_translateX_effect_mobile&quot;:{&quot;unit&quot;:&quot;px&quot;,&quot;size&quot;:&quot;&quot;,&quot;sizes&quot;:[]},&quot;_transform_translateY_effect&quot;:{&quot;unit&quot;:&quot;px&quot;,&quot;size&quot;:&quot;&quot;,&quot;sizes&quot;:[]},&quot;_transform_translateY_effect_tablet&quot;:{&quot;unit&quot;:&quot;px&quot;,&quot;size&quot;:&quot;&quot;,&quot;sizes&quot;:[]},&quot;_transform_translateY_effect_mobile&quot;:{&quot;unit&quot;:&quot;px&quot;,&quot;size&quot;:&quot;&quot;,&quot;sizes&quot;:[]}}\" data-widget_type=\"stal_core_icon_with_text.default\">\n\t\t\t\t<div class=\"elementor-widget-container\">\n\t\t\t\t\t<div class=\"qodef-shortcode qodef-m  qodef-icon-with-text qodef-layout--before-content  qodef--custom-icon \" >\n\t<div class=\"qodef-m-icon-wrapper\">\n\t\t\t\t\t<a itemprop=\"url\" href=\"\/it\/controllo-motori-sc8\/\" target=\"_self\">\n\t\t\t<img loading=\"lazy\" decoding=\"async\" width=\"91\" height=\"91\" src=\"https:\/\/middex.de\/wp-content\/uploads\/2025\/07\/product-icon-4.png\" class=\"attachment-full size-full\" alt=\"Motor-Ansteuerungen\" srcset=\"https:\/\/middex.de\/wp-content\/uploads\/2025\/07\/product-icon-4.png 91w, https:\/\/middex.de\/wp-content\/uploads\/2025\/07\/product-icon-4-82x82.png 82w\" sizes=\"(max-width: 91px) 100vw, 91px\" \/>\t\t\t<\/a>\n\t\t<\/div>\n\t<div class=\"qodef-m-content\">\n\t\t\t<h3 class=\"qodef-m-title\" >\n\t\t\t\t\t<a itemprop=\"url\" href=\"\/it\/controllo-motori-sc8\/\" target=\"_self\">\n\t\t\t\t\t<span class=\"qodef-m-title-text\">SC8 CONTOLLO DEL MOTORE PASSO-PASSO<\/span>\n\t\t\t\t\t<\/a>\n\t\t\t<\/h3>\n\t\t\t<\/div>\n<\/div>\t\t\t\t<\/div>\n\t\t\t\t<\/div>\n\t\t\t\t<div class=\"elementor-element elementor-element-7242cf2 elementor-widget elementor-widget-image\" data-id=\"7242cf2\" data-element_type=\"widget\" data-widget_type=\"image.default\">\n\t\t\t\t<div class=\"elementor-widget-container\">\n\t\t\t\t\t\t\t\t\t\t\t\t\t\t\t\t<a href=\"\/it\/controllo-motori-sc8\/\">\n\t\t\t\t\t\t\t<img loading=\"lazy\" decoding=\"async\" width=\"400\" height=\"190\" src=\"https:\/\/middex.de\/wp-content\/uploads\/2025\/07\/kat-sc08-schrittmotor-steuerung.webp\" class=\"attachment-full size-full wp-image-11065\" alt=\"SC08 Schrittmotor-Ansteuerung\" srcset=\"https:\/\/middex.de\/wp-content\/uploads\/2025\/07\/kat-sc08-schrittmotor-steuerung.webp 400w, https:\/\/middex.de\/wp-content\/uploads\/2025\/07\/kat-sc08-schrittmotor-steuerung-300x143.webp 300w\" sizes=\"(max-width: 400px) 100vw, 400px\" \/>\t\t\t\t\t\t\t\t<\/a>\n\t\t\t\t\t\t\t\t\t\t\t\t\t\t\t<\/div>\n\t\t\t\t<\/div>\n\t\t\t\t<\/div>\n\t\t<div class=\"elementor-element elementor-element-058b865 e-con-full produktgruppe gruppe-5 e-flex e-con e-child\" data-id=\"058b865\" data-element_type=\"container\">\n\t\t\t\t<div class=\"elementor-element elementor-element-04a38a9 elementor-widget elementor-widget-stal_core_icon_with_text\" data-id=\"04a38a9\" data-element_type=\"widget\" data-widget_type=\"stal_core_icon_with_text.default\">\n\t\t\t\t<div class=\"elementor-widget-container\">\n\t\t\t\t\t<div class=\"qodef-shortcode qodef-m  qodef-icon-with-text qodef-layout--before-content  qodef--custom-icon \" >\n\t<div class=\"qodef-m-icon-wrapper\">\n\t\t\t\t\t<a itemprop=\"url\" href=\"\/it\/productgroup\/azionamenti-per-motori-passo-passo\/\" target=\"_self\">\n\t\t\t<img loading=\"lazy\" decoding=\"async\" width=\"91\" height=\"91\" src=\"https:\/\/middex.de\/wp-content\/uploads\/2025\/07\/product-icon-4.png\" class=\"attachment-full size-full\" alt=\"Motor-Ansteuerungen\" srcset=\"https:\/\/middex.de\/wp-content\/uploads\/2025\/07\/product-icon-4.png 91w, https:\/\/middex.de\/wp-content\/uploads\/2025\/07\/product-icon-4-82x82.png 82w\" sizes=\"(max-width: 91px) 100vw, 91px\" \/>\t\t\t<\/a>\n\t\t<\/div>\n\t<div class=\"qodef-m-content\">\n\t\t\t<h3 class=\"qodef-m-title\" >\n\t\t\t\t\t<a itemprop=\"url\" href=\"\/it\/productgroup\/azionamenti-per-motori-passo-passo\/\" target=\"_self\">\n\t\t\t\t\t<span class=\"qodef-m-title-text\">Azionamenti per motori passo passo<\/span>\n\t\t\t\t\t<\/a>\n\t\t\t<\/h3>\n\t\t\t<\/div>\n<\/div>\t\t\t\t<\/div>\n\t\t\t\t<\/div>\n\t\t\t\t<div class=\"elementor-element elementor-element-f59fe88 elementor-widget elementor-widget-image\" data-id=\"f59fe88\" data-element_type=\"widget\" data-widget_type=\"image.default\">\n\t\t\t\t<div class=\"elementor-widget-container\">\n\t\t\t\t\t\t\t\t\t\t\t\t\t\t\t\t<a href=\"\/it\/productgroup\/azionamenti-per-motori-passo-passo\/\">\n\t\t\t\t\t\t\t<img loading=\"lazy\" decoding=\"async\" width=\"400\" height=\"190\" src=\"https:\/\/middex.de\/wp-content\/uploads\/2025\/07\/kat-schrittmotor-ansteuerung.webp\" class=\"attachment-full size-full wp-image-11069\" alt=\"Schrittmotor-Ansteuerungen\" srcset=\"https:\/\/middex.de\/wp-content\/uploads\/2025\/07\/kat-schrittmotor-ansteuerung.webp 400w, https:\/\/middex.de\/wp-content\/uploads\/2025\/07\/kat-schrittmotor-ansteuerung-300x143.webp 300w\" sizes=\"(max-width: 400px) 100vw, 400px\" \/>\t\t\t\t\t\t\t\t<\/a>\n\t\t\t\t\t\t\t\t\t\t\t\t\t\t\t<\/div>\n\t\t\t\t<\/div>\n\t\t\t\t<\/div>\n\t\t<div class=\"elementor-element elementor-element-fdfcbf7 e-con-full produktgruppe gruppe-6 e-flex e-con e-child\" data-id=\"fdfcbf7\" data-element_type=\"container\">\n\t\t\t\t<div class=\"elementor-element elementor-element-f29f79b elementor-widget elementor-widget-stal_core_icon_with_text\" data-id=\"f29f79b\" data-element_type=\"widget\" data-widget_type=\"stal_core_icon_with_text.default\">\n\t\t\t\t<div class=\"elementor-widget-container\">\n\t\t\t\t\t<div class=\"qodef-shortcode qodef-m  qodef-icon-with-text qodef-layout--before-content  qodef--custom-icon \" >\n\t<div class=\"qodef-m-icon-wrapper\">\n\t\t\t\t\t<a itemprop=\"url\" href=\"\/it\/productgroup\/azionamenti-per-motori-cc\/\" target=\"_self\">\n\t\t\t<img loading=\"lazy\" decoding=\"async\" width=\"91\" height=\"91\" src=\"https:\/\/middex.de\/wp-content\/uploads\/2025\/07\/product-icon-4.png\" class=\"attachment-full size-full\" alt=\"Motor-Ansteuerungen\" srcset=\"https:\/\/middex.de\/wp-content\/uploads\/2025\/07\/product-icon-4.png 91w, https:\/\/middex.de\/wp-content\/uploads\/2025\/07\/product-icon-4-82x82.png 82w\" sizes=\"(max-width: 91px) 100vw, 91px\" \/>\t\t\t<\/a>\n\t\t<\/div>\n\t<div class=\"qodef-m-content\">\n\t\t\t<h3 class=\"qodef-m-title\" >\n\t\t\t\t\t<a itemprop=\"url\" href=\"\/it\/productgroup\/azionamenti-per-motori-cc\/\" target=\"_self\">\n\t\t\t\t\t<span class=\"qodef-m-title-text\">Azionamenti per motori CC<\/span>\n\t\t\t\t\t<\/a>\n\t\t\t<\/h3>\n\t\t\t<\/div>\n<\/div>\t\t\t\t<\/div>\n\t\t\t\t<\/div>\n\t\t\t\t<div class=\"elementor-element elementor-element-2445d70 elementor-widget elementor-widget-image\" data-id=\"2445d70\" data-element_type=\"widget\" data-widget_type=\"image.default\">\n\t\t\t\t<div class=\"elementor-widget-container\">\n\t\t\t\t\t\t\t\t\t\t\t\t\t\t\t\t<a href=\"\/it\/productgroup\/azionamenti-per-motori-cc\/\">\n\t\t\t\t\t\t\t<img loading=\"lazy\" decoding=\"async\" width=\"400\" height=\"190\" src=\"https:\/\/middex.de\/wp-content\/uploads\/2025\/07\/kat-dc-motor-ansteuerung.webp\" class=\"attachment-full size-full wp-image-11057\" alt=\"DC-Motor Ansteuerungen\" srcset=\"https:\/\/middex.de\/wp-content\/uploads\/2025\/07\/kat-dc-motor-ansteuerung.webp 400w, https:\/\/middex.de\/wp-content\/uploads\/2025\/07\/kat-dc-motor-ansteuerung-300x143.webp 300w\" sizes=\"(max-width: 400px) 100vw, 400px\" \/>\t\t\t\t\t\t\t\t<\/a>\n\t\t\t\t\t\t\t\t\t\t\t\t\t\t\t<\/div>\n\t\t\t\t<\/div>\n\t\t\t\t<\/div>\n\t\t\t\t\t<\/div>\n\t\t\t\t<\/div>\n\t\t<div class=\"elementor-element elementor-element-60b77e0 e-flex e-con-boxed e-con e-parent\" data-id=\"60b77e0\" data-element_type=\"container\" data-settings=\"{&quot;background_background&quot;:&quot;classic&quot;}\">\n\t\t\t\t\t<div class=\"e-con-inner\">\n\t\t\t\t<div class=\"elementor-element elementor-element-1f9e7b7 elementor-widget elementor-widget-spacer\" data-id=\"1f9e7b7\" data-element_type=\"widget\" data-widget_type=\"spacer.default\">\n\t\t\t\t<div class=\"elementor-widget-container\">\n\t\t\t\t\t\t\t<div class=\"elementor-spacer\">\n\t\t\t<div class=\"elementor-spacer-inner\"><\/div>\n\t\t<\/div>\n\t\t\t\t\t\t<\/div>\n\t\t\t\t<\/div>\n\t\t\t\t\t<\/div>\n\t\t\t\t<\/div>\n\t\t\t\t<\/div>\n\t\t","protected":false},"excerpt":{"rendered":"<p>I componenti ottimali per la vostra applicazione Middex vi offre i componenti perfetti per creare il sistema di automazione ideale. Grazie a un ampio assortimento di motori passo-passo, controlli motore, sistemi di monitoraggio degli utensili e soluzioni compatibili \u201cpin to pin\u201d, insieme ai nostri esperti avete la possibilit\u00e0 di combinare tutti i componenti fino a [&hellip;]<\/p>\n","protected":false},"author":3,"featured_media":0,"parent":0,"menu_order":0,"comment_status":"closed","ping_status":"closed","template":"page-full-width.php","meta":{"inline_featured_image":false,"footnotes":""},"class_list":["post-11205","page","type-page","status-publish","hentry"],"yoast_head":"<!-- This site is optimized with the Yoast SEO plugin v24.5 - https:\/\/yoast.com\/wordpress\/plugins\/seo\/ -->\n<title>Componenti per il sistema di automazione - MIDDEX<\/title>\n<meta name=\"description\" content=\"assortimento di motori passo-passo, controlli motore, sistemi di monitoraggio degli utensili e soluzioni compatibili \u201cpin to pin\u201d\" \/>\n<meta name=\"robots\" content=\"index, follow, max-snippet:-1, max-image-preview:large, max-video-preview:-1\" \/>\n<link rel=\"canonical\" href=\"https:\/\/middex.de\/it\/prodotti\/\" \/>\n<meta property=\"og:locale\" content=\"it_IT\" \/>\n<meta property=\"og:type\" content=\"article\" \/>\n<meta property=\"og:title\" content=\"Componenti per il sistema di automazione - MIDDEX\" \/>\n<meta property=\"og:description\" content=\"assortimento di motori passo-passo, controlli motore, sistemi di monitoraggio degli utensili e soluzioni compatibili \u201cpin to pin\u201d\" \/>\n<meta property=\"og:url\" content=\"https:\/\/middex.de\/it\/prodotti\/\" \/>\n<meta property=\"og:site_name\" content=\"MIDDEX\" \/>\n<meta property=\"article:modified_time\" content=\"2025-10-01T15:28:46+00:00\" \/>\n<meta property=\"og:image\" content=\"https:\/\/middex.de\/wp-content\/uploads\/2025\/07\/product-icon-1.png\" \/>\n<meta name=\"twitter:card\" content=\"summary_large_image\" \/>\n<meta name=\"twitter:label1\" content=\"Est. reading time\" \/>\n\t<meta name=\"twitter:data1\" content=\"4 minutes\" \/>\n<script type=\"application\/ld+json\" class=\"yoast-schema-graph\">{\"@context\":\"https:\/\/schema.org\",\"@graph\":[{\"@type\":\"WebPage\",\"@id\":\"https:\/\/middex.de\/it\/prodotti\/\",\"url\":\"https:\/\/middex.de\/it\/prodotti\/\",\"name\":\"Componenti per il sistema di automazione - MIDDEX\",\"isPartOf\":{\"@id\":\"https:\/\/middex.de\/it\/#website\"},\"primaryImageOfPage\":{\"@id\":\"https:\/\/middex.de\/it\/prodotti\/#primaryimage\"},\"image\":{\"@id\":\"https:\/\/middex.de\/it\/prodotti\/#primaryimage\"},\"thumbnailUrl\":\"https:\/\/middex.de\/wp-content\/uploads\/2025\/07\/product-icon-1.png\",\"datePublished\":\"2025-07-30T06:58:37+00:00\",\"dateModified\":\"2025-10-01T15:28:46+00:00\",\"description\":\"assortimento di motori passo-passo, controlli motore, sistemi di monitoraggio degli utensili e soluzioni compatibili \u201cpin to pin\u201d\",\"breadcrumb\":{\"@id\":\"https:\/\/middex.de\/it\/prodotti\/#breadcrumb\"},\"inLanguage\":\"it-IT\",\"potentialAction\":[{\"@type\":\"ReadAction\",\"target\":[\"https:\/\/middex.de\/it\/prodotti\/\"]}]},{\"@type\":\"ImageObject\",\"inLanguage\":\"it-IT\",\"@id\":\"https:\/\/middex.de\/it\/prodotti\/#primaryimage\",\"url\":\"https:\/\/middex.de\/wp-content\/uploads\/2025\/07\/product-icon-1.png\",\"contentUrl\":\"https:\/\/middex.de\/wp-content\/uploads\/2025\/07\/product-icon-1.png\"},{\"@type\":\"BreadcrumbList\",\"@id\":\"https:\/\/middex.de\/it\/prodotti\/#breadcrumb\",\"itemListElement\":[{\"@type\":\"ListItem\",\"position\":1,\"name\":\"Startseite\",\"item\":\"https:\/\/middex.de\/it\/\"},{\"@type\":\"ListItem\",\"position\":2,\"name\":\"Prodotti\"}]},{\"@type\":\"WebSite\",\"@id\":\"https:\/\/middex.de\/it\/#website\",\"url\":\"https:\/\/middex.de\/it\/\",\"name\":\"MIDDEX\",\"description\":\"Werkzeug\u00fcberwachung | Motoransteuerungen | Schrittmotoren\",\"publisher\":{\"@id\":\"https:\/\/middex.de\/it\/#organization\"},\"potentialAction\":[{\"@type\":\"SearchAction\",\"target\":{\"@type\":\"EntryPoint\",\"urlTemplate\":\"https:\/\/middex.de\/it\/?s={search_term_string}\"},\"query-input\":{\"@type\":\"PropertyValueSpecification\",\"valueRequired\":true,\"valueName\":\"search_term_string\"}}],\"inLanguage\":\"it-IT\"},{\"@type\":\"Organization\",\"@id\":\"https:\/\/middex.de\/it\/#organization\",\"name\":\"MIDDEX\",\"url\":\"https:\/\/middex.de\/it\/\",\"logo\":{\"@type\":\"ImageObject\",\"inLanguage\":\"it-IT\",\"@id\":\"https:\/\/middex.de\/it\/#\/schema\/logo\/image\/\",\"url\":\"https:\/\/middex.de\/wp-content\/uploads\/2021\/01\/middex-logo.svg\",\"contentUrl\":\"https:\/\/middex.de\/wp-content\/uploads\/2021\/01\/middex-logo.svg\",\"width\":\"1024\",\"height\":\"1024\",\"caption\":\"MIDDEX\"},\"image\":{\"@id\":\"https:\/\/middex.de\/it\/#\/schema\/logo\/image\/\"}}]}<\/script>\n<!-- \/ Yoast SEO plugin. -->","yoast_head_json":{"title":"Componenti per il sistema di automazione - MIDDEX","description":"assortimento di motori passo-passo, controlli motore, sistemi di monitoraggio degli utensili e soluzioni compatibili \u201cpin to pin\u201d","robots":{"index":"index","follow":"follow","max-snippet":"max-snippet:-1","max-image-preview":"max-image-preview:large","max-video-preview":"max-video-preview:-1"},"canonical":"https:\/\/middex.de\/it\/prodotti\/","og_locale":"it_IT","og_type":"article","og_title":"Componenti per il sistema di automazione - MIDDEX","og_description":"assortimento di motori passo-passo, controlli motore, sistemi di monitoraggio degli utensili e soluzioni compatibili \u201cpin to pin\u201d","og_url":"https:\/\/middex.de\/it\/prodotti\/","og_site_name":"MIDDEX","article_modified_time":"2025-10-01T15:28:46+00:00","og_image":[{"url":"https:\/\/middex.de\/wp-content\/uploads\/2025\/07\/product-icon-1.png","type":"","width":"","height":""}],"twitter_card":"summary_large_image","twitter_misc":{"Est. reading time":"4 minutes"},"schema":{"@context":"https:\/\/schema.org","@graph":[{"@type":"WebPage","@id":"https:\/\/middex.de\/it\/prodotti\/","url":"https:\/\/middex.de\/it\/prodotti\/","name":"Componenti per il sistema di automazione - MIDDEX","isPartOf":{"@id":"https:\/\/middex.de\/it\/#website"},"primaryImageOfPage":{"@id":"https:\/\/middex.de\/it\/prodotti\/#primaryimage"},"image":{"@id":"https:\/\/middex.de\/it\/prodotti\/#primaryimage"},"thumbnailUrl":"https:\/\/middex.de\/wp-content\/uploads\/2025\/07\/product-icon-1.png","datePublished":"2025-07-30T06:58:37+00:00","dateModified":"2025-10-01T15:28:46+00:00","description":"assortimento di motori passo-passo, controlli motore, sistemi di monitoraggio degli utensili e soluzioni compatibili \u201cpin to pin\u201d","breadcrumb":{"@id":"https:\/\/middex.de\/it\/prodotti\/#breadcrumb"},"inLanguage":"it-IT","potentialAction":[{"@type":"ReadAction","target":["https:\/\/middex.de\/it\/prodotti\/"]}]},{"@type":"ImageObject","inLanguage":"it-IT","@id":"https:\/\/middex.de\/it\/prodotti\/#primaryimage","url":"https:\/\/middex.de\/wp-content\/uploads\/2025\/07\/product-icon-1.png","contentUrl":"https:\/\/middex.de\/wp-content\/uploads\/2025\/07\/product-icon-1.png"},{"@type":"BreadcrumbList","@id":"https:\/\/middex.de\/it\/prodotti\/#breadcrumb","itemListElement":[{"@type":"ListItem","position":1,"name":"Startseite","item":"https:\/\/middex.de\/it\/"},{"@type":"ListItem","position":2,"name":"Prodotti"}]},{"@type":"WebSite","@id":"https:\/\/middex.de\/it\/#website","url":"https:\/\/middex.de\/it\/","name":"MIDDEX","description":"Werkzeug\u00fcberwachung | Motoransteuerungen | Schrittmotoren","publisher":{"@id":"https:\/\/middex.de\/it\/#organization"},"potentialAction":[{"@type":"SearchAction","target":{"@type":"EntryPoint","urlTemplate":"https:\/\/middex.de\/it\/?s={search_term_string}"},"query-input":{"@type":"PropertyValueSpecification","valueRequired":true,"valueName":"search_term_string"}}],"inLanguage":"it-IT"},{"@type":"Organization","@id":"https:\/\/middex.de\/it\/#organization","name":"MIDDEX","url":"https:\/\/middex.de\/it\/","logo":{"@type":"ImageObject","inLanguage":"it-IT","@id":"https:\/\/middex.de\/it\/#\/schema\/logo\/image\/","url":"https:\/\/middex.de\/wp-content\/uploads\/2021\/01\/middex-logo.svg","contentUrl":"https:\/\/middex.de\/wp-content\/uploads\/2021\/01\/middex-logo.svg","width":"1024","height":"1024","caption":"MIDDEX"},"image":{"@id":"https:\/\/middex.de\/it\/#\/schema\/logo\/image\/"}}]}},"_links":{"self":[{"href":"https:\/\/middex.de\/it\/wp-json\/wp\/v2\/pages\/11205","targetHints":{"allow":["GET"]}}],"collection":[{"href":"https:\/\/middex.de\/it\/wp-json\/wp\/v2\/pages"}],"about":[{"href":"https:\/\/middex.de\/it\/wp-json\/wp\/v2\/types\/page"}],"author":[{"embeddable":true,"href":"https:\/\/middex.de\/it\/wp-json\/wp\/v2\/users\/3"}],"replies":[{"embeddable":true,"href":"https:\/\/middex.de\/it\/wp-json\/wp\/v2\/comments?post=11205"}],"version-history":[{"count":23,"href":"https:\/\/middex.de\/it\/wp-json\/wp\/v2\/pages\/11205\/revisions"}],"predecessor-version":[{"id":11692,"href":"https:\/\/middex.de\/it\/wp-json\/wp\/v2\/pages\/11205\/revisions\/11692"}],"wp:attachment":[{"href":"https:\/\/middex.de\/it\/wp-json\/wp\/v2\/media?parent=11205"}],"curies":[{"name":"wp","href":"https:\/\/api.w.org\/{rel}","templated":true}]}}