{"id":7093,"date":"2021-01-10T00:00:39","date_gmt":"2021-01-09T23:00:39","guid":{"rendered":"https:\/\/middex.de\/product\/wk2a-wk2b-and-wk2s\/"},"modified":"2023-06-16T11:13:27","modified_gmt":"2023-06-16T09:13:27","slug":"wk2a-wk2b-and-wk2s","status":"publish","type":"product","link":"https:\/\/middex.de\/fr\/product\/wk2a-wk2b-and-wk2s\/","title":{"rendered":"WK2A, WK2B and WK2S"},"content":{"rendered":"\r\n<h2 class=\"wp-block-heading\">Le syst\u00e8me WK2 convient particuli\u00e8rement au contr\u00f4le de bris d&rsquo;outils dans des conditions environnantes les plus rudes.<\/h2>\r\n","protected":false},"featured_media":7094,"template":"","productgroup":[119],"class_list":["post-7093","product","type-product","status-publish","has-post-thumbnail","hentry","productgroup-controle-doutils"],"yoast_head":"<!-- This site is optimized with the Yoast SEO plugin v24.5 - https:\/\/yoast.com\/wordpress\/plugins\/seo\/ -->\n<title>WK2A, WK2B and WK2S - MIDDEX<\/title>\n<meta name=\"robots\" content=\"index, follow, max-snippet:-1, max-image-preview:large, max-video-preview:-1\" \/>\n<link rel=\"canonical\" href=\"https:\/\/middex.de\/fr\/product\/wk2a-wk2b-and-wk2s\/\" \/>\n<meta property=\"og:locale\" content=\"fr_FR\" \/>\n<meta property=\"og:type\" content=\"article\" \/>\n<meta property=\"og:title\" content=\"WK2A, WK2B and WK2S - MIDDEX\" \/>\n<meta property=\"og:description\" content=\"Le syst\u00e8me WK2 convient particuli\u00e8rement au contr\u00f4le de bris d&rsquo;outils dans des conditions environnantes les plus rudes.\" \/>\n<meta property=\"og:url\" content=\"https:\/\/middex.de\/fr\/product\/wk2a-wk2b-and-wk2s\/\" \/>\n<meta property=\"og:site_name\" content=\"MIDDEX\" \/>\n<meta property=\"article:modified_time\" content=\"2023-06-16T09:13:27+00:00\" \/>\n<meta property=\"og:image\" content=\"https:\/\/middex.de\/wp-content\/uploads\/2021\/01\/wk2a_2.png\" \/>\n\t<meta property=\"og:image:width\" content=\"221\" \/>\n\t<meta property=\"og:image:height\" content=\"227\" \/>\n\t<meta property=\"og:image:type\" content=\"image\/png\" \/>\n<meta name=\"twitter:card\" content=\"summary_large_image\" \/>\n<meta name=\"twitter:label1\" content=\"Dur\u00e9e de lecture estim\u00e9e\" \/>\n\t<meta name=\"twitter:data1\" content=\"1 minute\" \/>\n<script type=\"application\/ld+json\" class=\"yoast-schema-graph\">{\"@context\":\"https:\/\/schema.org\",\"@graph\":[{\"@type\":\"WebPage\",\"@id\":\"https:\/\/middex.de\/fr\/product\/wk2a-wk2b-and-wk2s\/\",\"url\":\"https:\/\/middex.de\/fr\/product\/wk2a-wk2b-and-wk2s\/\",\"name\":\"WK2A, WK2B and WK2S - MIDDEX\",\"isPartOf\":{\"@id\":\"https:\/\/middex.de\/fr\/#website\"},\"primaryImageOfPage\":{\"@id\":\"https:\/\/middex.de\/fr\/product\/wk2a-wk2b-and-wk2s\/#primaryimage\"},\"image\":{\"@id\":\"https:\/\/middex.de\/fr\/product\/wk2a-wk2b-and-wk2s\/#primaryimage\"},\"thumbnailUrl\":\"https:\/\/middex.de\/wp-content\/uploads\/2021\/01\/wk2a_2.png\",\"datePublished\":\"2021-01-09T23:00:39+00:00\",\"dateModified\":\"2023-06-16T09:13:27+00:00\",\"breadcrumb\":{\"@id\":\"https:\/\/middex.de\/fr\/product\/wk2a-wk2b-and-wk2s\/#breadcrumb\"},\"inLanguage\":\"fr-FR\",\"potentialAction\":[{\"@type\":\"ReadAction\",\"target\":[\"https:\/\/middex.de\/fr\/product\/wk2a-wk2b-and-wk2s\/\"]}]},{\"@type\":\"ImageObject\",\"inLanguage\":\"fr-FR\",\"@id\":\"https:\/\/middex.de\/fr\/product\/wk2a-wk2b-and-wk2s\/#primaryimage\",\"url\":\"https:\/\/middex.de\/wp-content\/uploads\/2021\/01\/wk2a_2.png\",\"contentUrl\":\"https:\/\/middex.de\/wp-content\/uploads\/2021\/01\/wk2a_2.png\",\"width\":221,\"height\":227,\"caption\":\"Werkzeug\u00fcberwachung wk2a\"},{\"@type\":\"BreadcrumbList\",\"@id\":\"https:\/\/middex.de\/fr\/product\/wk2a-wk2b-and-wk2s\/#breadcrumb\",\"itemListElement\":[{\"@type\":\"ListItem\",\"position\":1,\"name\":\"Startseite\",\"item\":\"https:\/\/middex.de\/fr\/\"},{\"@type\":\"ListItem\",\"position\":2,\"name\":\"Produits\",\"item\":\"https:\/\/middex.de\/fr\/product\/\"},{\"@type\":\"ListItem\",\"position\":3,\"name\":\"WK2A, WK2B and WK2S\"}]},{\"@type\":\"WebSite\",\"@id\":\"https:\/\/middex.de\/fr\/#website\",\"url\":\"https:\/\/middex.de\/fr\/\",\"name\":\"MIDDEX\",\"description\":\"Werkzeug\u00fcberwachung | Motoransteuerungen | Schrittmotoren\",\"publisher\":{\"@id\":\"https:\/\/middex.de\/fr\/#organization\"},\"potentialAction\":[{\"@type\":\"SearchAction\",\"target\":{\"@type\":\"EntryPoint\",\"urlTemplate\":\"https:\/\/middex.de\/fr\/?s={search_term_string}\"},\"query-input\":{\"@type\":\"PropertyValueSpecification\",\"valueRequired\":true,\"valueName\":\"search_term_string\"}}],\"inLanguage\":\"fr-FR\"},{\"@type\":\"Organization\",\"@id\":\"https:\/\/middex.de\/fr\/#organization\",\"name\":\"MIDDEX\",\"url\":\"https:\/\/middex.de\/fr\/\",\"logo\":{\"@type\":\"ImageObject\",\"inLanguage\":\"fr-FR\",\"@id\":\"https:\/\/middex.de\/fr\/#\/schema\/logo\/image\/\",\"url\":\"https:\/\/middex.de\/wp-content\/uploads\/2021\/01\/middex-logo.svg\",\"contentUrl\":\"https:\/\/middex.de\/wp-content\/uploads\/2021\/01\/middex-logo.svg\",\"width\":\"1024\",\"height\":\"1024\",\"caption\":\"MIDDEX\"},\"image\":{\"@id\":\"https:\/\/middex.de\/fr\/#\/schema\/logo\/image\/\"}}]}<\/script>\n<!-- \/ Yoast SEO plugin. -->","yoast_head_json":{"title":"WK2A, WK2B and WK2S - MIDDEX","robots":{"index":"index","follow":"follow","max-snippet":"max-snippet:-1","max-image-preview":"max-image-preview:large","max-video-preview":"max-video-preview:-1"},"canonical":"https:\/\/middex.de\/fr\/product\/wk2a-wk2b-and-wk2s\/","og_locale":"fr_FR","og_type":"article","og_title":"WK2A, WK2B and WK2S - MIDDEX","og_description":"Le syst\u00e8me WK2 convient particuli\u00e8rement au contr\u00f4le de bris d&rsquo;outils dans des conditions environnantes les plus rudes.","og_url":"https:\/\/middex.de\/fr\/product\/wk2a-wk2b-and-wk2s\/","og_site_name":"MIDDEX","article_modified_time":"2023-06-16T09:13:27+00:00","og_image":[{"width":221,"height":227,"url":"https:\/\/middex.de\/wp-content\/uploads\/2021\/01\/wk2a_2.png","type":"image\/png"}],"twitter_card":"summary_large_image","twitter_misc":{"Dur\u00e9e de lecture estim\u00e9e":"1 minute"},"schema":{"@context":"https:\/\/schema.org","@graph":[{"@type":"WebPage","@id":"https:\/\/middex.de\/fr\/product\/wk2a-wk2b-and-wk2s\/","url":"https:\/\/middex.de\/fr\/product\/wk2a-wk2b-and-wk2s\/","name":"WK2A, WK2B and WK2S - MIDDEX","isPartOf":{"@id":"https:\/\/middex.de\/fr\/#website"},"primaryImageOfPage":{"@id":"https:\/\/middex.de\/fr\/product\/wk2a-wk2b-and-wk2s\/#primaryimage"},"image":{"@id":"https:\/\/middex.de\/fr\/product\/wk2a-wk2b-and-wk2s\/#primaryimage"},"thumbnailUrl":"https:\/\/middex.de\/wp-content\/uploads\/2021\/01\/wk2a_2.png","datePublished":"2021-01-09T23:00:39+00:00","dateModified":"2023-06-16T09:13:27+00:00","breadcrumb":{"@id":"https:\/\/middex.de\/fr\/product\/wk2a-wk2b-and-wk2s\/#breadcrumb"},"inLanguage":"fr-FR","potentialAction":[{"@type":"ReadAction","target":["https:\/\/middex.de\/fr\/product\/wk2a-wk2b-and-wk2s\/"]}]},{"@type":"ImageObject","inLanguage":"fr-FR","@id":"https:\/\/middex.de\/fr\/product\/wk2a-wk2b-and-wk2s\/#primaryimage","url":"https:\/\/middex.de\/wp-content\/uploads\/2021\/01\/wk2a_2.png","contentUrl":"https:\/\/middex.de\/wp-content\/uploads\/2021\/01\/wk2a_2.png","width":221,"height":227,"caption":"Werkzeug\u00fcberwachung wk2a"},{"@type":"BreadcrumbList","@id":"https:\/\/middex.de\/fr\/product\/wk2a-wk2b-and-wk2s\/#breadcrumb","itemListElement":[{"@type":"ListItem","position":1,"name":"Startseite","item":"https:\/\/middex.de\/fr\/"},{"@type":"ListItem","position":2,"name":"Produits","item":"https:\/\/middex.de\/fr\/product\/"},{"@type":"ListItem","position":3,"name":"WK2A, WK2B and WK2S"}]},{"@type":"WebSite","@id":"https:\/\/middex.de\/fr\/#website","url":"https:\/\/middex.de\/fr\/","name":"MIDDEX","description":"Werkzeug\u00fcberwachung | Motoransteuerungen | Schrittmotoren","publisher":{"@id":"https:\/\/middex.de\/fr\/#organization"},"potentialAction":[{"@type":"SearchAction","target":{"@type":"EntryPoint","urlTemplate":"https:\/\/middex.de\/fr\/?s={search_term_string}"},"query-input":{"@type":"PropertyValueSpecification","valueRequired":true,"valueName":"search_term_string"}}],"inLanguage":"fr-FR"},{"@type":"Organization","@id":"https:\/\/middex.de\/fr\/#organization","name":"MIDDEX","url":"https:\/\/middex.de\/fr\/","logo":{"@type":"ImageObject","inLanguage":"fr-FR","@id":"https:\/\/middex.de\/fr\/#\/schema\/logo\/image\/","url":"https:\/\/middex.de\/wp-content\/uploads\/2021\/01\/middex-logo.svg","contentUrl":"https:\/\/middex.de\/wp-content\/uploads\/2021\/01\/middex-logo.svg","width":"1024","height":"1024","caption":"MIDDEX"},"image":{"@id":"https:\/\/middex.de\/fr\/#\/schema\/logo\/image\/"}}]}},"_links":{"self":[{"href":"https:\/\/middex.de\/fr\/wp-json\/wp\/v2\/product\/7093","targetHints":{"allow":["GET"]}}],"collection":[{"href":"https:\/\/middex.de\/fr\/wp-json\/wp\/v2\/product"}],"about":[{"href":"https:\/\/middex.de\/fr\/wp-json\/wp\/v2\/types\/product"}],"version-history":[{"count":6,"href":"https:\/\/middex.de\/fr\/wp-json\/wp\/v2\/product\/7093\/revisions"}],"predecessor-version":[{"id":8492,"href":"https:\/\/middex.de\/fr\/wp-json\/wp\/v2\/product\/7093\/revisions\/8492"}],"wp:featuredmedia":[{"embeddable":true,"href":"https:\/\/middex.de\/fr\/wp-json\/wp\/v2\/media\/7094"}],"wp:attachment":[{"href":"https:\/\/middex.de\/fr\/wp-json\/wp\/v2\/media?parent=7093"}],"wp:term":[{"taxonomy":"productgroup","embeddable":true,"href":"https:\/\/middex.de\/fr\/wp-json\/wp\/v2\/productgroup?post=7093"}],"curies":[{"name":"wp","href":"https:\/\/api.w.org\/{rel}","templated":true}]}}