{"id":7056,"date":"2021-02-01T16:25:39","date_gmt":"2021-02-01T15:25:39","guid":{"rendered":"https:\/\/middex.de\/product\/sm224\/"},"modified":"2022-02-08T19:09:07","modified_gmt":"2022-02-08T18:09:07","slug":"sm224","status":"publish","type":"product","link":"https:\/\/middex.de\/fr\/product\/sm224\/","title":{"rendered":"SM224"},"content":{"rendered":"\t\t<div data-elementor-type=\"wp-post\" data-elementor-id=\"7056\" class=\"elementor elementor-7056 elementor-5962\">\n\t\t\t\t\t\t<section class=\"elementor-section elementor-top-section elementor-element elementor-element-83c7422 elementor-section-boxed elementor-section-height-default elementor-section-height-default qodef-elementor-content-no\" data-id=\"83c7422\" data-element_type=\"section\">\n\t\t\t\t\t\t<div class=\"elementor-container elementor-column-gap-default\">\n\t\t\t\t\t<div class=\"elementor-column elementor-col-50 elementor-top-column elementor-element elementor-element-63afc48\" data-id=\"63afc48\" data-element_type=\"column\" data-settings=\"{&quot;background_background&quot;:&quot;classic&quot;}\">\n\t\t\t<div class=\"elementor-widget-wrap elementor-element-populated\">\n\t\t\t\t\t\t<div class=\"elementor-element elementor-element-2504058 elementor-widget elementor-widget-image\" data-id=\"2504058\" data-element_type=\"widget\" data-widget_type=\"image.default\">\n\t\t\t\t<div class=\"elementor-widget-container\">\n\t\t\t\t\t\t\t\t\t\t\t\t\t\t\t<img fetchpriority=\"high\" decoding=\"async\" width=\"221\" height=\"272\" src=\"https:\/\/middex.de\/wp-content\/uploads\/2021\/02\/SM217S.png\" class=\"attachment-full size-full wp-image-5957\" alt=\"Schrittmotor SM217\" \/>\t\t\t\t\t\t\t\t\t\t\t\t\t\t\t<\/div>\n\t\t\t\t<\/div>\n\t\t\t\t\t<\/div>\n\t\t<\/div>\n\t\t\t\t<div class=\"elementor-column elementor-col-50 elementor-top-column elementor-element elementor-element-fc7d9b7\" data-id=\"fc7d9b7\" data-element_type=\"column\" data-settings=\"{&quot;background_background&quot;:&quot;classic&quot;}\">\n\t\t\t<div class=\"elementor-widget-wrap elementor-element-populated\">\n\t\t\t\t\t\t<div class=\"elementor-element elementor-element-d056d41 elementor-widget elementor-widget-image\" data-id=\"d056d41\" data-element_type=\"widget\" data-widget_type=\"image.default\">\n\t\t\t\t<div class=\"elementor-widget-container\">\n\t\t\t\t\t\t\t\t\t\t\t\t\t\t\t<img decoding=\"async\" width=\"221\" height=\"272\" src=\"https:\/\/middex.de\/wp-content\/uploads\/2021\/02\/SM223S-K.png\" class=\"attachment-full size-full wp-image-7063\" alt=\"Schrittmotor SM223\" \/>\t\t\t\t\t\t\t\t\t\t\t\t\t\t\t<\/div>\n\t\t\t\t<\/div>\n\t\t\t\t\t<\/div>\n\t\t<\/div>\n\t\t\t\t\t<\/div>\n\t\t<\/section>\n\t\t\t\t<section class=\"elementor-section elementor-top-section elementor-element elementor-element-1022b8c elementor-section-boxed elementor-section-height-default elementor-section-height-default qodef-elementor-content-no\" data-id=\"1022b8c\" data-element_type=\"section\">\n\t\t\t\t\t\t<div class=\"elementor-container elementor-column-gap-wide\">\n\t\t\t\t\t<div class=\"elementor-column elementor-col-100 elementor-top-column elementor-element elementor-element-9d30045\" data-id=\"9d30045\" data-element_type=\"column\" data-settings=\"{&quot;background_background&quot;:&quot;classic&quot;}\">\n\t\t\t<div class=\"elementor-widget-wrap elementor-element-populated\">\n\t\t\t\t\t\t<div class=\"elementor-element elementor-element-647807d elementor-widget elementor-widget-heading\" data-id=\"647807d\" data-element_type=\"widget\" data-widget_type=\"heading.default\">\n\t\t\t\t<div class=\"elementor-widget-container\">\n\t\t\t\t\t<h4 class=\"elementor-heading-title elementor-size-default\">Technische Daten<\/h4>\t\t\t\t<\/div>\n\t\t\t\t<\/div>\n\t\t\t\t<div class=\"elementor-element elementor-element-9c5d66c elementor-widget elementor-widget-text-editor\" data-id=\"9c5d66c\" data-element_type=\"widget\" data-widget_type=\"text-editor.default\">\n\t\t\t\t<div class=\"elementor-widget-container\">\n\t\t\t\t\t\t\t\t\t<table>\n<tbody>\n<tr>\n<td>\u00a0<\/td>\n<td>Haltemoment<br \/>[Nm]<\/td>\n<td>Strom<br \/>[A]<\/td>\n<td>Widerstand<br \/>[ \u03a9]<\/td>\n<td>Induktivit\u00e4t<br \/>[mH]<\/td>\n<td>Rotortr\u00e4gheit<br \/>[kgm 2 x10 -4 ]<\/td>\n<td>Anschlu\u00df<\/td>\n<td>Gewicht [kg]<\/td>\n<\/tr>\n<tr>\n<td><strong><span style=\"color: #007763;\">SM224S-[K]<\/span><\/strong><\/td>\n<td>1,8<\/td>\n<td>4,2<\/td>\n<td>0,5\u00b110%<\/td>\n<td>1,5\u00b120%<\/td>\n<td>0,45<\/td>\n<td>4 Litzen<br \/>[K] PG19<\/td>\n<td>0,85<br \/>[K] 1,0<\/td>\n<\/tr>\n<tr>\n<td><strong><span style=\"color: #007763;\">SM224M-[K]<\/span><\/strong><\/td>\n<td>2,2<\/td>\n<td>4,2<\/td>\n<td>0,6\u00b110%<\/td>\n<td>1,8\u00b120%<\/td>\n<td>0,55<\/td>\n<td>4 Litzen<br \/>[K] PG19<\/td>\n<td>1,15<br \/>[K] 1,3<\/td>\n<\/tr>\n<tr>\n<td><strong><span style=\"color: #007763;\">SM224L-[K]<\/span><\/strong><\/td>\n<td>3,0<\/td>\n<td>4,2<\/td>\n<td>0,7\u00b110%<\/td>\n<td>3,2\u00b120%<\/td>\n<td>0,68<\/td>\n<td>4 Litzen<br \/>[K] PG19<\/td>\n<td>1,30<br \/>[K] 1,45<\/td>\n<\/tr>\n<\/tbody>\n<\/table>\n\t\t\t\t\t\t\t\t<\/div>\n\t\t\t\t<\/div>\n\t\t\t\t\t<\/div>\n\t\t<\/div>\n\t\t\t\t\t<\/div>\n\t\t<\/section>\n\t\t\t\t<section class=\"elementor-section elementor-top-section elementor-element elementor-element-80f7a37 elementor-section-boxed elementor-section-height-default elementor-section-height-default qodef-elementor-content-no\" data-id=\"80f7a37\" data-element_type=\"section\">\n\t\t\t\t\t\t<div class=\"elementor-container elementor-column-gap-wide\">\n\t\t\t\t\t<div class=\"elementor-column elementor-col-100 elementor-top-column elementor-element elementor-element-2cf8381\" data-id=\"2cf8381\" data-element_type=\"column\" data-settings=\"{&quot;background_background&quot;:&quot;classic&quot;}\">\n\t\t\t<div class=\"elementor-widget-wrap elementor-element-populated\">\n\t\t\t\t\t\t<div class=\"elementor-element elementor-element-6aac818 elementor-widget elementor-widget-heading\" data-id=\"6aac818\" data-element_type=\"widget\" data-widget_type=\"heading.default\">\n\t\t\t\t<div class=\"elementor-widget-container\">\n\t\t\t\t\t<h4 class=\"elementor-heading-title elementor-size-default\">Abmessungen<\/h4>\t\t\t\t<\/div>\n\t\t\t\t<\/div>\n\t\t\t\t<div class=\"elementor-element elementor-element-0eb83a9 elementor-widget elementor-widget-image\" data-id=\"0eb83a9\" data-element_type=\"widget\" data-widget_type=\"image.default\">\n\t\t\t\t<div class=\"elementor-widget-container\">\n\t\t\t\t\t\t\t\t\t\t\t\t\t\t\t<img decoding=\"async\" width=\"810\" height=\"263\" src=\"https:\/\/middex.de\/wp-content\/uploads\/2021\/02\/SM224S_tech.jpg\" class=\"attachment-full size-full wp-image-5991\" alt=\"Schrittmotor SM224\" srcset=\"https:\/\/middex.de\/wp-content\/uploads\/2021\/02\/SM224S_tech.jpg 810w, https:\/\/middex.de\/wp-content\/uploads\/2021\/02\/SM224S_tech-300x97.jpg 300w, https:\/\/middex.de\/wp-content\/uploads\/2021\/02\/SM224S_tech-768x249.jpg 768w\" sizes=\"(max-width: 810px) 100vw, 810px\" \/>\t\t\t\t\t\t\t\t\t\t\t\t\t\t\t<\/div>\n\t\t\t\t<\/div>\n\t\t\t\t<div class=\"elementor-element elementor-element-875f27c elementor-widget elementor-widget-text-editor\" data-id=\"875f27c\" data-element_type=\"widget\" data-widget_type=\"text-editor.default\">\n\t\t\t\t<div class=\"elementor-widget-container\">\n\t\t\t\t\t\t\t\t\t<table width=\"100%\" cellspacing=\"0\" cellpadding=\"0\">\n<tbody>\n<tr>\n<td>\u00a0<\/td>\n<td>A<\/td>\n<td>B<\/td>\n<td>C<\/td>\n<td>D<\/td>\n<td valign=\"top\">L<\/td>\n<td>d1<\/td>\n<td>[d2]<\/td>\n<td>d3<\/td>\n<td>l1<\/td>\n<td>l2<\/td>\n<td>[l3]<\/td>\n<td>l4<\/td>\n<td>lw<\/td>\n<\/tr>\n<tr>\n<td><strong><span style=\"color: #007763;\">SM224S-[K]<\/span><\/strong><\/td>\n<td>60<\/td>\n<td>47,14<\/td>\n<td>39<\/td>\n<td>38,1<\/td>\n<td>64<br \/>[K] 96<\/td>\n<td>8<\/td>\n<td>6,35<\/td>\n<td>5<\/td>\n<td>1,6<\/td>\n<td>21<\/td>\n<td>14<\/td>\n<td>6<\/td>\n<td>300<\/td>\n<\/tr>\n<tr>\n<td><strong><span style=\"color: #007763;\">SM224M-[K]<\/span><\/strong><\/td>\n<td>60<\/td>\n<td>47,14<\/td>\n<td>39<\/td>\n<td>38,1<\/td>\n<td>76<br \/>[K] 108<\/td>\n<td>8<\/td>\n<td>6,35<\/td>\n<td>5<\/td>\n<td>1,6<\/td>\n<td>21<\/td>\n<td>14<\/td>\n<td>6<\/td>\n<td>300<\/td>\n<\/tr>\n<tr>\n<td><strong><span style=\"color: #007763;\">SM224L-[K]<\/span><\/strong><\/td>\n<td>60<\/td>\n<td>47,14<\/td>\n<td>39<\/td>\n<td>38,1<\/td>\n<td>90<br \/>[K] 122<\/td>\n<td>8<\/td>\n<td>6,35<\/td>\n<td>5<\/td>\n<td>1,6<\/td>\n<td>21<\/td>\n<td>14<\/td>\n<td>6<\/td>\n<td>300<\/td>\n<\/tr>\n<\/tbody>\n<\/table>\n<p><small>Ma\u00dfeinheit: mm<\/small><\/p>\n\t\t\t\t\t\t\t\t<\/div>\n\t\t\t\t<\/div>\n\t\t\t\t\t<\/div>\n\t\t<\/div>\n\t\t\t\t\t<\/div>\n\t\t<\/section>\n\t\t\t\t<section class=\"elementor-section elementor-top-section elementor-element elementor-element-07daccc elementor-section-boxed elementor-section-height-default elementor-section-height-default qodef-elementor-content-no\" data-id=\"07daccc\" data-element_type=\"section\">\n\t\t\t\t\t\t<div class=\"elementor-container elementor-column-gap-wide\">\n\t\t\t\t\t<div class=\"elementor-column elementor-col-100 elementor-top-column elementor-element elementor-element-32f787a\" data-id=\"32f787a\" data-element_type=\"column\" data-settings=\"{&quot;background_background&quot;:&quot;classic&quot;}\">\n\t\t\t<div class=\"elementor-widget-wrap elementor-element-populated\">\n\t\t\t\t\t\t<div class=\"elementor-element elementor-element-922cbd4 elementor-widget elementor-widget-heading\" data-id=\"922cbd4\" data-element_type=\"widget\" data-widget_type=\"heading.default\">\n\t\t\t\t<div class=\"elementor-widget-container\">\n\t\t\t\t\t<h4 class=\"elementor-heading-title elementor-size-default\">Anschl\u00fcsse und Litzenfarben<\/h4>\t\t\t\t<\/div>\n\t\t\t\t<\/div>\n\t\t\t\t<div class=\"elementor-element elementor-element-fbcad0b elementor-widget elementor-widget-image\" data-id=\"fbcad0b\" data-element_type=\"widget\" data-widget_type=\"image.default\">\n\t\t\t\t<div class=\"elementor-widget-container\">\n\t\t\t\t\t\t\t\t\t\t\t\t\t\t\t<img loading=\"lazy\" decoding=\"async\" width=\"382\" height=\"196\" src=\"https:\/\/middex.de\/wp-content\/uploads\/2021\/02\/SM224S_color.jpg\" class=\"attachment-full size-full wp-image-5992\" alt=\"Schrittmotor SM224\" srcset=\"https:\/\/middex.de\/wp-content\/uploads\/2021\/02\/SM224S_color.jpg 382w, https:\/\/middex.de\/wp-content\/uploads\/2021\/02\/SM224S_color-300x154.jpg 300w\" sizes=\"(max-width: 382px) 100vw, 382px\" \/>\t\t\t\t\t\t\t\t\t\t\t\t\t\t\t<\/div>\n\t\t\t\t<\/div>\n\t\t\t\t\t<\/div>\n\t\t<\/div>\n\t\t\t\t\t<\/div>\n\t\t<\/section>\n\t\t\t\t<\/div>\n\t\t","protected":false},"featured_media":7045,"template":"","productgroup":[121],"class_list":["post-7056","product","type-product","status-publish","has-post-thumbnail","hentry","productgroup-moteurs-pas-a-pas-versions-standards"],"yoast_head":"<!-- This site is optimized with the Yoast SEO plugin v24.5 - https:\/\/yoast.com\/wordpress\/plugins\/seo\/ -->\n<title>SM224 - MIDDEX<\/title>\n<meta name=\"robots\" content=\"index, follow, max-snippet:-1, max-image-preview:large, max-video-preview:-1\" \/>\n<link rel=\"canonical\" href=\"https:\/\/middex.de\/fr\/product\/sm224\/\" \/>\n<meta property=\"og:locale\" content=\"fr_FR\" \/>\n<meta property=\"og:type\" content=\"article\" \/>\n<meta property=\"og:title\" content=\"SM224 - MIDDEX\" \/>\n<meta property=\"og:description\" content=\"Technische Daten \u00a0 Haltemoment[Nm] Strom[A] Widerstand[ \u03a9] Induktivit\u00e4t[mH] Rotortr\u00e4gheit[kgm 2 x10 -4 ] Anschlu\u00df Gewicht [kg] SM224S-[K] 1,8 4,2 0,5\u00b110% 1,5\u00b120% 0,45 4 Litzen[K] PG19 0,85[K] 1,0 SM224M-[K] 2,2 4,2 0,6\u00b110% 1,8\u00b120% 0,55 4 Litzen[K] PG19 1,15[K] 1,3 SM224L-[K] 3,0 4,2 0,7\u00b110% 3,2\u00b120% 0,68 4 Litzen[K] PG19 1,30[K] 1,45 Abmessungen \u00a0 A B C D [&hellip;]\" \/>\n<meta property=\"og:url\" content=\"https:\/\/middex.de\/fr\/product\/sm224\/\" \/>\n<meta property=\"og:site_name\" content=\"MIDDEX\" \/>\n<meta property=\"article:modified_time\" content=\"2022-02-08T18:09:07+00:00\" \/>\n<meta property=\"og:image\" content=\"https:\/\/middex.de\/wp-content\/uploads\/2021\/02\/SM217.png\" \/>\n\t<meta property=\"og:image:width\" content=\"221\" \/>\n\t<meta property=\"og:image:height\" content=\"272\" \/>\n\t<meta property=\"og:image:type\" content=\"image\/png\" \/>\n<meta name=\"twitter:card\" content=\"summary_large_image\" \/>\n<script type=\"application\/ld+json\" class=\"yoast-schema-graph\">{\"@context\":\"https:\/\/schema.org\",\"@graph\":[{\"@type\":\"WebPage\",\"@id\":\"https:\/\/middex.de\/fr\/product\/sm224\/\",\"url\":\"https:\/\/middex.de\/fr\/product\/sm224\/\",\"name\":\"SM224 - MIDDEX\",\"isPartOf\":{\"@id\":\"https:\/\/middex.de\/fr\/#website\"},\"primaryImageOfPage\":{\"@id\":\"https:\/\/middex.de\/fr\/product\/sm224\/#primaryimage\"},\"image\":{\"@id\":\"https:\/\/middex.de\/fr\/product\/sm224\/#primaryimage\"},\"thumbnailUrl\":\"https:\/\/middex.de\/wp-content\/uploads\/2021\/02\/SM217.png\",\"datePublished\":\"2021-02-01T15:25:39+00:00\",\"dateModified\":\"2022-02-08T18:09:07+00:00\",\"breadcrumb\":{\"@id\":\"https:\/\/middex.de\/fr\/product\/sm224\/#breadcrumb\"},\"inLanguage\":\"fr-FR\",\"potentialAction\":[{\"@type\":\"ReadAction\",\"target\":[\"https:\/\/middex.de\/fr\/product\/sm224\/\"]}]},{\"@type\":\"ImageObject\",\"inLanguage\":\"fr-FR\",\"@id\":\"https:\/\/middex.de\/fr\/product\/sm224\/#primaryimage\",\"url\":\"https:\/\/middex.de\/wp-content\/uploads\/2021\/02\/SM217.png\",\"contentUrl\":\"https:\/\/middex.de\/wp-content\/uploads\/2021\/02\/SM217.png\",\"width\":221,\"height\":272,\"caption\":\"Schrittmotor SM223\"},{\"@type\":\"BreadcrumbList\",\"@id\":\"https:\/\/middex.de\/fr\/product\/sm224\/#breadcrumb\",\"itemListElement\":[{\"@type\":\"ListItem\",\"position\":1,\"name\":\"Startseite\",\"item\":\"https:\/\/middex.de\/fr\/\"},{\"@type\":\"ListItem\",\"position\":2,\"name\":\"Produits\",\"item\":\"https:\/\/middex.de\/fr\/product\/\"},{\"@type\":\"ListItem\",\"position\":3,\"name\":\"SM224\"}]},{\"@type\":\"WebSite\",\"@id\":\"https:\/\/middex.de\/fr\/#website\",\"url\":\"https:\/\/middex.de\/fr\/\",\"name\":\"MIDDEX\",\"description\":\"Werkzeug\u00fcberwachung | Motoransteuerungen | Schrittmotoren\",\"publisher\":{\"@id\":\"https:\/\/middex.de\/fr\/#organization\"},\"potentialAction\":[{\"@type\":\"SearchAction\",\"target\":{\"@type\":\"EntryPoint\",\"urlTemplate\":\"https:\/\/middex.de\/fr\/?s={search_term_string}\"},\"query-input\":{\"@type\":\"PropertyValueSpecification\",\"valueRequired\":true,\"valueName\":\"search_term_string\"}}],\"inLanguage\":\"fr-FR\"},{\"@type\":\"Organization\",\"@id\":\"https:\/\/middex.de\/fr\/#organization\",\"name\":\"MIDDEX\",\"url\":\"https:\/\/middex.de\/fr\/\",\"logo\":{\"@type\":\"ImageObject\",\"inLanguage\":\"fr-FR\",\"@id\":\"https:\/\/middex.de\/fr\/#\/schema\/logo\/image\/\",\"url\":\"https:\/\/middex.de\/wp-content\/uploads\/2021\/01\/middex-logo.svg\",\"contentUrl\":\"https:\/\/middex.de\/wp-content\/uploads\/2021\/01\/middex-logo.svg\",\"width\":\"1024\",\"height\":\"1024\",\"caption\":\"MIDDEX\"},\"image\":{\"@id\":\"https:\/\/middex.de\/fr\/#\/schema\/logo\/image\/\"}}]}<\/script>\n<!-- \/ Yoast SEO plugin. -->","yoast_head_json":{"title":"SM224 - MIDDEX","robots":{"index":"index","follow":"follow","max-snippet":"max-snippet:-1","max-image-preview":"max-image-preview:large","max-video-preview":"max-video-preview:-1"},"canonical":"https:\/\/middex.de\/fr\/product\/sm224\/","og_locale":"fr_FR","og_type":"article","og_title":"SM224 - MIDDEX","og_description":"Technische Daten \u00a0 Haltemoment[Nm] Strom[A] Widerstand[ \u03a9] Induktivit\u00e4t[mH] Rotortr\u00e4gheit[kgm 2 x10 -4 ] Anschlu\u00df Gewicht [kg] SM224S-[K] 1,8 4,2 0,5\u00b110% 1,5\u00b120% 0,45 4 Litzen[K] PG19 0,85[K] 1,0 SM224M-[K] 2,2 4,2 0,6\u00b110% 1,8\u00b120% 0,55 4 Litzen[K] PG19 1,15[K] 1,3 SM224L-[K] 3,0 4,2 0,7\u00b110% 3,2\u00b120% 0,68 4 Litzen[K] PG19 1,30[K] 1,45 Abmessungen \u00a0 A B C D [&hellip;]","og_url":"https:\/\/middex.de\/fr\/product\/sm224\/","og_site_name":"MIDDEX","article_modified_time":"2022-02-08T18:09:07+00:00","og_image":[{"width":221,"height":272,"url":"https:\/\/middex.de\/wp-content\/uploads\/2021\/02\/SM217.png","type":"image\/png"}],"twitter_card":"summary_large_image","schema":{"@context":"https:\/\/schema.org","@graph":[{"@type":"WebPage","@id":"https:\/\/middex.de\/fr\/product\/sm224\/","url":"https:\/\/middex.de\/fr\/product\/sm224\/","name":"SM224 - MIDDEX","isPartOf":{"@id":"https:\/\/middex.de\/fr\/#website"},"primaryImageOfPage":{"@id":"https:\/\/middex.de\/fr\/product\/sm224\/#primaryimage"},"image":{"@id":"https:\/\/middex.de\/fr\/product\/sm224\/#primaryimage"},"thumbnailUrl":"https:\/\/middex.de\/wp-content\/uploads\/2021\/02\/SM217.png","datePublished":"2021-02-01T15:25:39+00:00","dateModified":"2022-02-08T18:09:07+00:00","breadcrumb":{"@id":"https:\/\/middex.de\/fr\/product\/sm224\/#breadcrumb"},"inLanguage":"fr-FR","potentialAction":[{"@type":"ReadAction","target":["https:\/\/middex.de\/fr\/product\/sm224\/"]}]},{"@type":"ImageObject","inLanguage":"fr-FR","@id":"https:\/\/middex.de\/fr\/product\/sm224\/#primaryimage","url":"https:\/\/middex.de\/wp-content\/uploads\/2021\/02\/SM217.png","contentUrl":"https:\/\/middex.de\/wp-content\/uploads\/2021\/02\/SM217.png","width":221,"height":272,"caption":"Schrittmotor SM223"},{"@type":"BreadcrumbList","@id":"https:\/\/middex.de\/fr\/product\/sm224\/#breadcrumb","itemListElement":[{"@type":"ListItem","position":1,"name":"Startseite","item":"https:\/\/middex.de\/fr\/"},{"@type":"ListItem","position":2,"name":"Produits","item":"https:\/\/middex.de\/fr\/product\/"},{"@type":"ListItem","position":3,"name":"SM224"}]},{"@type":"WebSite","@id":"https:\/\/middex.de\/fr\/#website","url":"https:\/\/middex.de\/fr\/","name":"MIDDEX","description":"Werkzeug\u00fcberwachung | Motoransteuerungen | Schrittmotoren","publisher":{"@id":"https:\/\/middex.de\/fr\/#organization"},"potentialAction":[{"@type":"SearchAction","target":{"@type":"EntryPoint","urlTemplate":"https:\/\/middex.de\/fr\/?s={search_term_string}"},"query-input":{"@type":"PropertyValueSpecification","valueRequired":true,"valueName":"search_term_string"}}],"inLanguage":"fr-FR"},{"@type":"Organization","@id":"https:\/\/middex.de\/fr\/#organization","name":"MIDDEX","url":"https:\/\/middex.de\/fr\/","logo":{"@type":"ImageObject","inLanguage":"fr-FR","@id":"https:\/\/middex.de\/fr\/#\/schema\/logo\/image\/","url":"https:\/\/middex.de\/wp-content\/uploads\/2021\/01\/middex-logo.svg","contentUrl":"https:\/\/middex.de\/wp-content\/uploads\/2021\/01\/middex-logo.svg","width":"1024","height":"1024","caption":"MIDDEX"},"image":{"@id":"https:\/\/middex.de\/fr\/#\/schema\/logo\/image\/"}}]}},"_links":{"self":[{"href":"https:\/\/middex.de\/fr\/wp-json\/wp\/v2\/product\/7056","targetHints":{"allow":["GET"]}}],"collection":[{"href":"https:\/\/middex.de\/fr\/wp-json\/wp\/v2\/product"}],"about":[{"href":"https:\/\/middex.de\/fr\/wp-json\/wp\/v2\/types\/product"}],"version-history":[{"count":1,"href":"https:\/\/middex.de\/fr\/wp-json\/wp\/v2\/product\/7056\/revisions"}],"predecessor-version":[{"id":7446,"href":"https:\/\/middex.de\/fr\/wp-json\/wp\/v2\/product\/7056\/revisions\/7446"}],"wp:featuredmedia":[{"embeddable":true,"href":"https:\/\/middex.de\/fr\/wp-json\/wp\/v2\/media\/7045"}],"wp:attachment":[{"href":"https:\/\/middex.de\/fr\/wp-json\/wp\/v2\/media?parent=7056"}],"wp:term":[{"taxonomy":"productgroup","embeddable":true,"href":"https:\/\/middex.de\/fr\/wp-json\/wp\/v2\/productgroup?post=7056"}],"curies":[{"name":"wp","href":"https:\/\/api.w.org\/{rel}","templated":true}]}}