{"id":6859,"date":"2020-11-02T11:23:27","date_gmt":"2020-11-02T10:23:27","guid":{"rendered":"https:\/\/middex.de\/services\/"},"modified":"2025-06-26T09:34:04","modified_gmt":"2025-06-26T07:34:04","slug":"services","status":"publish","type":"page","link":"https:\/\/middex.de\/fr\/services\/","title":{"rendered":"Services"},"content":{"rendered":"\t\t<div data-elementor-type=\"wp-page\" data-elementor-id=\"6859\" class=\"elementor elementor-6859 elementor-34\">\n\t\t\t\t<div class=\"elementor-element elementor-element-b1d2673 e-flex e-con-boxed e-con e-parent\" data-id=\"b1d2673\" data-element_type=\"container\" data-settings=\"{&quot;background_background&quot;:&quot;classic&quot;}\">\n\t\t\t\t\t<div class=\"e-con-inner\">\n\t\t\t\t<div class=\"elementor-element elementor-element-34ae563 elementor-widget elementor-widget-heading\" data-id=\"34ae563\" data-element_type=\"widget\" data-widget_type=\"heading.default\">\n\t\t\t\t<div class=\"elementor-widget-container\">\n\t\t\t\t\t<h2 class=\"elementor-heading-title elementor-size-default\">MIDDEX VOTRE PARTENAIRE D\u00c9VELOPPEMENT<\/h2>\t\t\t\t<\/div>\n\t\t\t\t<\/div>\n\t\t\t\t<div class=\"elementor-element elementor-element-f2210ce no-br-mob elementor-widget elementor-widget-text-editor\" data-id=\"f2210ce\" data-element_type=\"widget\" data-widget_type=\"text-editor.default\">\n\t\t\t\t<div class=\"elementor-widget-container\">\n\t\t\t\t\t\t\t\t\t<p><strong>L\u2019\u00e9lectronique intelligente est notre passion.<br \/><\/strong><strong>Nous d\u00e9veloppons et produisons toutes les solutions \u00e9lectroniques <br \/>pratiques et robustes \u00e0 partir d\u2019une seule pi\u00e8ce &#8230;\u00a0<\/strong><strong>parce c\u2019est notre dada.<\/strong><\/p><p>Outre les produits pr\u00e9sent\u00e9s sur notre page d\u2019accueil, nous r\u00e9alisons des applications \u00e9lectroniques vari\u00e9es, bien au-del\u00e0 du domaine pr\u00e9sent\u00e9 par Middex. Nous les produisons en diff\u00e9rentes quantit\u00e9s sur notre site en Allemagne.<br \/>Nous d\u00e9veloppons des produits dans les domaines de l\u2019\u00e9lectronique de puissance, de la technique de r\u00e9gulation, de la technologie des capteurs, de l\u2019actionnement ou de la communication industrielle, qui contribuent \u00e0 l\u2019automatisation et \u00e0 l\u2019optimisation des processus les plus divers. Notre curiosit\u00e9 \u00e9largit constamment nos domaines de comp\u00e9tence. Nous aimons donner vie au mat\u00e9riel informatique gr\u00e2ce \u00e0 des logiciels et les concevoir de mani\u00e8re \u00e0 ce que vous puissiez en profiter tout au long du cycle de vie de nos produits.<\/p><p><strong>Mettez-nous au d\u00e9fi : votre succ\u00e8s est notre motivation.<\/strong><\/p>\t\t\t\t\t\t\t\t<\/div>\n\t\t\t\t<\/div>\n\t\t\t\t\t<\/div>\n\t\t\t\t<\/div>\n\t\t<div class=\"elementor-element elementor-element-e482d00 e-flex e-con-boxed e-con e-parent\" data-id=\"e482d00\" data-element_type=\"container\" data-settings=\"{&quot;background_background&quot;:&quot;classic&quot;}\">\n\t\t\t\t\t<div class=\"e-con-inner\">\n\t\t\t\t<div class=\"elementor-element elementor-element-0edb41f elementor-widget elementor-widget-heading\" data-id=\"0edb41f\" data-element_type=\"widget\" data-widget_type=\"heading.default\">\n\t\t\t\t<div class=\"elementor-widget-container\">\n\t\t\t\t\t<h2 class=\"elementor-heading-title elementor-size-default\">MIDDEX inside - we create your motion<\/h2>\t\t\t\t<\/div>\n\t\t\t\t<\/div>\n\t\t\t\t<div class=\"elementor-element elementor-element-770eff3 elementor-widget elementor-widget-text-editor\" data-id=\"770eff3\" data-element_type=\"widget\" data-widget_type=\"text-editor.default\">\n\t\t\t\t<div class=\"elementor-widget-container\">\n\t\t\t\t\t\t\t\t\t<p>Middex fait bouger les processus de travail : en tant que partenaire de d\u00e9veloppement exp\u00e9riment\u00e9, nous mettons en \u0153uvre vos projets d\u2019automatisation de mani\u00e8re cibl\u00e9e. Vous dialoguez avec nous et d\u00e9finissez vos exigences, et notre \u00e9quipe d\u2019experts \u00e9labore avec pr\u00e9cision la combinaison de produits Middex modulaires et de haute qualit\u00e9 qui correspond exactement \u00e0 vos besoins. De la premi\u00e8re consultation \u00e0 l\u2019int\u00e9gration finale, nous sommes \u00e0 vos c\u00f4t\u00e9s en tant que partenaire fiable.<\/p><p><strong>Par exemple : contr\u00f4ler, surveiller, alimenter, acheminer, transporter, commander, \u00e9changer, saisir, positionner, trier&#8230;<\/strong><\/p>\t\t\t\t\t\t\t\t<\/div>\n\t\t\t\t<\/div>\n\t\t\t\t<div class=\"elementor-element elementor-element-5558b45 elementor-widget elementor-widget-image\" data-id=\"5558b45\" data-element_type=\"widget\" data-widget_type=\"image.default\">\n\t\t\t\t<div class=\"elementor-widget-container\">\n\t\t\t\t\t\t\t\t\t\t\t\t\t\t\t<img fetchpriority=\"high\" decoding=\"async\" width=\"1140\" height=\"333\" src=\"https:\/\/middex.de\/wp-content\/uploads\/2025\/06\/Middex-Maschinenlinie-1-1.png\" class=\"attachment-full size-full wp-image-10906\" alt=\"\" srcset=\"https:\/\/middex.de\/wp-content\/uploads\/2025\/06\/Middex-Maschinenlinie-1-1.png 1140w, https:\/\/middex.de\/wp-content\/uploads\/2025\/06\/Middex-Maschinenlinie-1-1-300x88.png 300w, https:\/\/middex.de\/wp-content\/uploads\/2025\/06\/Middex-Maschinenlinie-1-1-1024x299.png 1024w, https:\/\/middex.de\/wp-content\/uploads\/2025\/06\/Middex-Maschinenlinie-1-1-768x224.png 768w\" sizes=\"(max-width: 1140px) 100vw, 1140px\" \/>\t\t\t\t\t\t\t\t\t\t\t\t\t\t\t<\/div>\n\t\t\t\t<\/div>\n\t\t<div class=\"elementor-element elementor-element-32e5362 e-grid e-con-full produktion-grid e-con e-child\" data-id=\"32e5362\" data-element_type=\"container\">\n\t\t\t\t<div class=\"elementor-element elementor-element-997567f elementor-widget elementor-widget-text-editor\" data-id=\"997567f\" data-element_type=\"widget\" data-widget_type=\"text-editor.default\">\n\t\t\t\t<div class=\"elementor-widget-container\">\n\t\t\t\t\t\t\t\t\t<p><strong>1 commande \/ 1 moteur<\/strong><\/p><p>Moteur pas \u00e0 pas standard NEMA17<br \/>avec une commande de positionnement avec entr\u00e9e de d\u00e9clenchement<\/p>\t\t\t\t\t\t\t\t<\/div>\n\t\t\t\t<\/div>\n\t\t\t\t<div class=\"elementor-element elementor-element-8d891e4 elementor-widget elementor-widget-text-editor\" data-id=\"8d891e4\" data-element_type=\"widget\" data-widget_type=\"text-editor.default\">\n\t\t\t\t<div class=\"elementor-widget-container\">\n\t\t\t\t\t\t\t\t\t<p><strong>1 commande \/ 4 moteurs<\/strong><\/p><p>Commande synchrone de 4 moteurs tiers <br \/>via une commande de positionnement<\/p>\t\t\t\t\t\t\t\t<\/div>\n\t\t\t\t<\/div>\n\t\t\t\t<div class=\"elementor-element elementor-element-8dcd273 elementor-widget elementor-widget-text-editor\" data-id=\"8dcd273\" data-element_type=\"widget\" data-widget_type=\"text-editor.default\">\n\t\t\t\t<div class=\"elementor-widget-container\">\n\t\t\t\t\t\t\t\t\t<p><strong>4 moteurs<\/strong><\/p><p>Moteurs pas \u00e0 pas NEMA34 personnalis\u00e9s <br \/>avec engrenage et frein, raccordement via connecteur coud\u00e9<\/p>\t\t\t\t\t\t\t\t<\/div>\n\t\t\t\t<\/div>\n\t\t\t\t<div class=\"elementor-element elementor-element-7b108cf elementor-widget elementor-widget-text-editor\" data-id=\"7b108cf\" data-element_type=\"widget\" data-widget_type=\"text-editor.default\">\n\t\t\t\t<div class=\"elementor-widget-container\">\n\t\t\t\t\t\t\t\t\t<p><strong>1 commande \/ 1 moteur<\/strong><\/p><p>Pilote de moteur pas \u00e0 pas standard <br \/>avec moteur NEMA17 standard<\/p>\t\t\t\t\t\t\t\t<\/div>\n\t\t\t\t<\/div>\n\t\t\t\t<div class=\"elementor-element elementor-element-54b58d4 elementor-widget elementor-widget-text-editor\" data-id=\"54b58d4\" data-element_type=\"widget\" data-widget_type=\"text-editor.default\">\n\t\t\t\t<div class=\"elementor-widget-container\">\n\t\t\t\t\t\t\t\t\t<p><strong>2 commandes \/ 2 moteurs<\/strong><\/p><p>2 commandes de positionnement 4Q<br \/>1 moteur externe<br \/>1 moteur Middex standard NEMA24<\/p>\t\t\t\t\t\t\t\t<\/div>\n\t\t\t\t<\/div>\n\t\t\t\t<div class=\"elementor-element elementor-element-462652d elementor-widget elementor-widget-text-editor\" data-id=\"462652d\" data-element_type=\"widget\" data-widget_type=\"text-editor.default\">\n\t\t\t\t<div class=\"elementor-widget-container\">\n\t\t\t\t\t\t\t\t\t<p><strong>2 commandes \/ 2 moteurs<\/strong><\/p><p>1 commande de positionnement <br \/>pour NEMA34 avec 8A<br \/>1 commande de positionnement <br \/>pour NEMA11 avec 0.66A<\/p>\t\t\t\t\t\t\t\t<\/div>\n\t\t\t\t<\/div>\n\t\t\t\t<\/div>\n\t\t\t\t\t<\/div>\n\t\t\t\t<\/div>\n\t\t<div class=\"elementor-element elementor-element-158af6a e-grid leistungen-grid e-con-boxed e-con e-parent\" data-id=\"158af6a\" data-element_type=\"container\" data-settings=\"{&quot;background_background&quot;:&quot;classic&quot;}\">\n\t\t\t\t\t<div class=\"e-con-inner\">\n\t\t\t\t<div class=\"elementor-element elementor-element-a9ac677 elementor-widget__width-inherit elementor-widget elementor-widget-text-editor\" data-id=\"a9ac677\" data-element_type=\"widget\" data-widget_type=\"text-editor.default\">\n\t\t\t\t<div class=\"elementor-widget-container\">\n\t\t\t\t\t\t\t\t\t<p style=\"text-align: center;\">Analyse des t\u00e2ches<br \/>\u00c9laboration de concepts<br \/>Cahier des charges<\/p>\t\t\t\t\t\t\t\t<\/div>\n\t\t\t\t<\/div>\n\t\t\t\t<div class=\"elementor-element elementor-element-c21526f elementor-widget__width-inherit elementor-widget elementor-widget-text-editor\" data-id=\"c21526f\" data-element_type=\"widget\" data-widget_type=\"text-editor.default\">\n\t\t\t\t<div class=\"elementor-widget-container\">\n\t\t\t\t\t\t\t\t\t<p style=\"text-align: center;\">D\u00e9veloppement de<br \/>syst\u00e8mes d\u2019entra\u00eenement dans <br \/>le hardware et le software<\/p>\t\t\t\t\t\t\t\t<\/div>\n\t\t\t\t<\/div>\n\t\t\t\t<div class=\"elementor-element elementor-element-22ee4e9 elementor-widget__width-inherit smaller elementor-widget elementor-widget-text-editor\" data-id=\"22ee4e9\" data-element_type=\"widget\" data-widget_type=\"text-editor.default\">\n\t\t\t\t<div class=\"elementor-widget-container\">\n\t\t\t\t\t\t\t\t\t<p style=\"text-align: center;\">R\u00e9paration et service de <br \/>pi\u00e8ces de rechange<br \/>Solutions de pi\u00e8ces de rechange <br \/>compatibles avec des broches<\/p>\t\t\t\t\t\t\t\t<\/div>\n\t\t\t\t<\/div>\n\t\t\t\t<div class=\"elementor-element elementor-element-8e1d44d elementor-widget__width-inherit elementor-widget elementor-widget-text-editor\" data-id=\"8e1d44d\" data-element_type=\"widget\" data-widget_type=\"text-editor.default\">\n\t\t\t\t<div class=\"elementor-widget-container\">\n\t\t\t\t\t\t\t\t\t<p style=\"text-align: center;\">S\u00e9lection et param\u00e9trage <br \/>des moteurs et des <br \/>commandes standard Middex<\/p>\t\t\t\t\t\t\t\t<\/div>\n\t\t\t\t<\/div>\n\t\t\t\t<div class=\"elementor-element elementor-element-592ad7e elementor-widget__width-inherit elementor-widget elementor-widget-text-editor\" data-id=\"592ad7e\" data-element_type=\"widget\" data-widget_type=\"text-editor.default\">\n\t\t\t\t<div class=\"elementor-widget-container\">\n\t\t\t\t\t\t\t\t\t<p style=\"text-align: center;\">Gestion pr\u00e9visionnelle des stocks<br \/>et contr\u00f4le de la production<br \/>Solutions d\u2019encodeurs<\/p>\t\t\t\t\t\t\t\t<\/div>\n\t\t\t\t<\/div>\n\t\t\t\t<div class=\"elementor-element elementor-element-11259b8 elementor-widget__width-inherit elementor-widget elementor-widget-text-editor\" data-id=\"11259b8\" data-element_type=\"widget\" data-widget_type=\"text-editor.default\">\n\t\t\t\t<div class=\"elementor-widget-container\">\n\t\t\t\t\t\t\t\t\t<p style=\"text-align: center;\">sp\u00e9cifiques <br \/>\u00e0 l\u2019application<\/p>\t\t\t\t\t\t\t\t<\/div>\n\t\t\t\t<\/div>\n\t\t\t\t\t<\/div>\n\t\t\t\t<\/div>\n\t\t<div class=\"elementor-element elementor-element-1523d05 e-flex e-con-boxed e-con e-parent\" data-id=\"1523d05\" data-element_type=\"container\" data-settings=\"{&quot;background_background&quot;:&quot;classic&quot;}\">\n\t\t\t\t\t<div class=\"e-con-inner\">\n\t\t\t\t<div class=\"elementor-element elementor-element-1bb5864 elementor-widget elementor-widget-heading\" data-id=\"1bb5864\" data-element_type=\"widget\" data-widget_type=\"heading.default\">\n\t\t\t\t<div class=\"elementor-widget-container\">\n\t\t\t\t\t<h2 class=\"elementor-heading-title elementor-size-default\">MIDDEX inside - D\u00c9TECTE \/ D\u00c9C\u00c8LE \/ SIGNALE<\/h2>\t\t\t\t<\/div>\n\t\t\t\t<\/div>\n\t\t<div class=\"elementor-element elementor-element-3f18686 e-grid e-con-full leistungen-tasten e-con e-child\" data-id=\"3f18686\" data-element_type=\"container\">\n\t\t\t\t<div class=\"elementor-element elementor-element-c53437c elementor-widget elementor-widget-text-editor\" data-id=\"c53437c\" data-element_type=\"widget\" data-widget_type=\"text-editor.default\">\n\t\t\t\t<div class=\"elementor-widget-container\">\n\t\t\t\t\t\t\t\t\t<p>Les syst\u00e8mes de surveillance d\u2019outils Middex optimisent vos processus de production en surveillant de mani\u00e8re pr\u00e9cise et continue l\u2019\u00e9tat de vos outils. Vous gagnez ainsi un temps consid\u00e9rable, minimisez les perturbations de production, \u00e9vitez les d\u00e9fauts co\u00fbteux et r\u00e9duisez la consommation de mati\u00e8re. Ils sont indispensables pour tous ceux qui souhaitent une automatisation p\u00e9renne, efficace et \u00e9conomique.<\/p><p>Vous trouverez les mod\u00e8les standard <br \/>dans notre s\u00e9lection de produits.<\/p><p><a href=\"\/fr\/produkt\/\"><strong>Vers les produits<\/strong><\/a><\/p>\t\t\t\t\t\t\t\t<\/div>\n\t\t\t\t<\/div>\n\t\t\t\t<div class=\"elementor-element elementor-element-6f10b72 elementor-widget elementor-widget-image\" data-id=\"6f10b72\" data-element_type=\"widget\" data-widget_type=\"image.default\">\n\t\t\t\t<div class=\"elementor-widget-container\">\n\t\t\t\t\t\t\t\t\t\t\t\t\t\t\t<img decoding=\"async\" width=\"380\" height=\"485\" src=\"https:\/\/middex.de\/wp-content\/uploads\/2025\/06\/Middex-Werkzeugueberwachung-1-1.webp\" class=\"attachment-full size-full wp-image-10910\" alt=\"\" srcset=\"https:\/\/middex.de\/wp-content\/uploads\/2025\/06\/Middex-Werkzeugueberwachung-1-1.webp 380w, https:\/\/middex.de\/wp-content\/uploads\/2025\/06\/Middex-Werkzeugueberwachung-1-1-235x300.webp 235w\" sizes=\"(max-width: 380px) 100vw, 380px\" \/>\t\t\t\t\t\t\t\t\t\t\t\t\t\t\t<\/div>\n\t\t\t\t<\/div>\n\t\t<div class=\"elementor-element elementor-element-3bc7e52 e-con-full text-grid-rahmen e-flex e-con e-child\" data-id=\"3bc7e52\" data-element_type=\"container\">\n\t\t\t\t<div class=\"elementor-element elementor-element-19d6ba9 elementor-widget elementor-widget-text-editor\" data-id=\"19d6ba9\" data-element_type=\"widget\" data-widget_type=\"text-editor.default\">\n\t\t\t\t<div class=\"elementor-widget-container\">\n\t\t\t\t\t\t\t\t\t<p>We will advise you which system <br \/>is suitable for your application and are available to assist in your training needs<\/p>\t\t\t\t\t\t\t\t<\/div>\n\t\t\t\t<\/div>\n\t\t\t\t<div class=\"elementor-element elementor-element-2831461 elementor-widget elementor-widget-text-editor\" data-id=\"2831461\" data-element_type=\"widget\" data-widget_type=\"text-editor.default\">\n\t\t\t\t<div class=\"elementor-widget-container\">\n\t\t\t\t\t\t\t\t\t<p>When it comes to special monitoring requirements we will develop the perfect solution for you<\/p>\t\t\t\t\t\t\t\t<\/div>\n\t\t\t\t<\/div>\n\t\t\t\t<div class=\"elementor-element elementor-element-b611db0 elementor-widget elementor-widget-text-editor\" data-id=\"b611db0\" data-element_type=\"widget\" data-widget_type=\"text-editor.default\">\n\t\t\t\t<div class=\"elementor-widget-container\">\n\t\t\t\t\t\t\t\t\t<p>Easy operation and integration thanks to low setup effort<\/p>\t\t\t\t\t\t\t\t<\/div>\n\t\t\t\t<\/div>\n\t\t\t\t<\/div>\n\t\t\t\t<\/div>\n\t\t\t\t\t<\/div>\n\t\t\t\t<\/div>\n\t\t\t\t<\/div>\n\t\t","protected":false},"excerpt":{"rendered":"<p>MIDDEX VOTRE PARTENAIRE D\u00c9VELOPPEMENT L\u2019\u00e9lectronique intelligente est notre passion.Nous d\u00e9veloppons et produisons toutes les solutions \u00e9lectroniques pratiques et robustes \u00e0 partir d\u2019une seule pi\u00e8ce &#8230;\u00a0parce c\u2019est notre dada. Outre les produits pr\u00e9sent\u00e9s sur notre page d\u2019accueil, nous r\u00e9alisons des applications \u00e9lectroniques vari\u00e9es, bien au-del\u00e0 du domaine pr\u00e9sent\u00e9 par Middex. Nous les produisons en diff\u00e9rentes quantit\u00e9s [&hellip;]<\/p>\n","protected":false},"author":1,"featured_media":10632,"parent":0,"menu_order":0,"comment_status":"closed","ping_status":"closed","template":"page-full-width.php","meta":{"inline_featured_image":false,"footnotes":""},"class_list":["post-6859","page","type-page","status-publish","has-post-thumbnail","hentry"],"yoast_head":"<!-- This site is optimized with the Yoast SEO plugin v24.5 - https:\/\/yoast.com\/wordpress\/plugins\/seo\/ -->\n<title>Services - MIDDEX<\/title>\n<meta name=\"robots\" content=\"index, follow, max-snippet:-1, max-image-preview:large, max-video-preview:-1\" \/>\n<link rel=\"canonical\" href=\"https:\/\/middex.de\/fr\/services\/\" \/>\n<meta property=\"og:locale\" content=\"fr_FR\" \/>\n<meta property=\"og:type\" content=\"article\" \/>\n<meta property=\"og:title\" content=\"Services - MIDDEX\" \/>\n<meta property=\"og:description\" content=\"MIDDEX VOTRE PARTENAIRE D\u00c9VELOPPEMENT L\u2019\u00e9lectronique intelligente est notre passion.Nous d\u00e9veloppons et produisons toutes les solutions \u00e9lectroniques pratiques et robustes \u00e0 partir d\u2019une seule pi\u00e8ce &#8230;\u00a0parce c\u2019est notre dada. Outre les produits pr\u00e9sent\u00e9s sur notre page d\u2019accueil, nous r\u00e9alisons des applications \u00e9lectroniques vari\u00e9es, bien au-del\u00e0 du domaine pr\u00e9sent\u00e9 par Middex. Nous les produisons en diff\u00e9rentes quantit\u00e9s [&hellip;]\" \/>\n<meta property=\"og:url\" content=\"https:\/\/middex.de\/fr\/services\/\" \/>\n<meta property=\"og:site_name\" content=\"MIDDEX\" \/>\n<meta property=\"article:modified_time\" content=\"2025-06-26T07:34:04+00:00\" \/>\n<meta property=\"og:image\" content=\"https:\/\/middex.de\/wp-content\/uploads\/2025\/05\/HeaderLeistungen.webp\" \/>\n\t<meta property=\"og:image:width\" content=\"1901\" \/>\n\t<meta property=\"og:image:height\" content=\"675\" \/>\n\t<meta property=\"og:image:type\" content=\"image\/webp\" \/>\n<meta name=\"twitter:card\" content=\"summary_large_image\" \/>\n<meta name=\"twitter:label1\" content=\"Dur\u00e9e de lecture estim\u00e9e\" \/>\n\t<meta name=\"twitter:data1\" content=\"4 minutes\" \/>\n<script type=\"application\/ld+json\" class=\"yoast-schema-graph\">{\"@context\":\"https:\/\/schema.org\",\"@graph\":[{\"@type\":\"WebPage\",\"@id\":\"https:\/\/middex.de\/fr\/services\/\",\"url\":\"https:\/\/middex.de\/fr\/services\/\",\"name\":\"Services - MIDDEX\",\"isPartOf\":{\"@id\":\"https:\/\/middex.de\/fr\/#website\"},\"primaryImageOfPage\":{\"@id\":\"https:\/\/middex.de\/fr\/services\/#primaryimage\"},\"image\":{\"@id\":\"https:\/\/middex.de\/fr\/services\/#primaryimage\"},\"thumbnailUrl\":\"https:\/\/middex.de\/wp-content\/uploads\/2025\/05\/HeaderLeistungen.webp\",\"datePublished\":\"2020-11-02T10:23:27+00:00\",\"dateModified\":\"2025-06-26T07:34:04+00:00\",\"breadcrumb\":{\"@id\":\"https:\/\/middex.de\/fr\/services\/#breadcrumb\"},\"inLanguage\":\"fr-FR\",\"potentialAction\":[{\"@type\":\"ReadAction\",\"target\":[\"https:\/\/middex.de\/fr\/services\/\"]}]},{\"@type\":\"ImageObject\",\"inLanguage\":\"fr-FR\",\"@id\":\"https:\/\/middex.de\/fr\/services\/#primaryimage\",\"url\":\"https:\/\/middex.de\/wp-content\/uploads\/2025\/05\/HeaderLeistungen.webp\",\"contentUrl\":\"https:\/\/middex.de\/wp-content\/uploads\/2025\/05\/HeaderLeistungen.webp\",\"width\":1901,\"height\":675,\"caption\":\"Middex Leistungen\"},{\"@type\":\"BreadcrumbList\",\"@id\":\"https:\/\/middex.de\/fr\/services\/#breadcrumb\",\"itemListElement\":[{\"@type\":\"ListItem\",\"position\":1,\"name\":\"Startseite\",\"item\":\"https:\/\/middex.de\/fr\/\"},{\"@type\":\"ListItem\",\"position\":2,\"name\":\"Services\"}]},{\"@type\":\"WebSite\",\"@id\":\"https:\/\/middex.de\/fr\/#website\",\"url\":\"https:\/\/middex.de\/fr\/\",\"name\":\"MIDDEX\",\"description\":\"Werkzeug\u00fcberwachung | Motoransteuerungen | Schrittmotoren\",\"publisher\":{\"@id\":\"https:\/\/middex.de\/fr\/#organization\"},\"potentialAction\":[{\"@type\":\"SearchAction\",\"target\":{\"@type\":\"EntryPoint\",\"urlTemplate\":\"https:\/\/middex.de\/fr\/?s={search_term_string}\"},\"query-input\":{\"@type\":\"PropertyValueSpecification\",\"valueRequired\":true,\"valueName\":\"search_term_string\"}}],\"inLanguage\":\"fr-FR\"},{\"@type\":\"Organization\",\"@id\":\"https:\/\/middex.de\/fr\/#organization\",\"name\":\"MIDDEX\",\"url\":\"https:\/\/middex.de\/fr\/\",\"logo\":{\"@type\":\"ImageObject\",\"inLanguage\":\"fr-FR\",\"@id\":\"https:\/\/middex.de\/fr\/#\/schema\/logo\/image\/\",\"url\":\"https:\/\/middex.de\/wp-content\/uploads\/2021\/01\/middex-logo.svg\",\"contentUrl\":\"https:\/\/middex.de\/wp-content\/uploads\/2021\/01\/middex-logo.svg\",\"width\":\"1024\",\"height\":\"1024\",\"caption\":\"MIDDEX\"},\"image\":{\"@id\":\"https:\/\/middex.de\/fr\/#\/schema\/logo\/image\/\"}}]}<\/script>\n<!-- \/ Yoast SEO plugin. -->","yoast_head_json":{"title":"Services - MIDDEX","robots":{"index":"index","follow":"follow","max-snippet":"max-snippet:-1","max-image-preview":"max-image-preview:large","max-video-preview":"max-video-preview:-1"},"canonical":"https:\/\/middex.de\/fr\/services\/","og_locale":"fr_FR","og_type":"article","og_title":"Services - MIDDEX","og_description":"MIDDEX VOTRE PARTENAIRE D\u00c9VELOPPEMENT L\u2019\u00e9lectronique intelligente est notre passion.Nous d\u00e9veloppons et produisons toutes les solutions \u00e9lectroniques pratiques et robustes \u00e0 partir d\u2019une seule pi\u00e8ce &#8230;\u00a0parce c\u2019est notre dada. Outre les produits pr\u00e9sent\u00e9s sur notre page d\u2019accueil, nous r\u00e9alisons des applications \u00e9lectroniques vari\u00e9es, bien au-del\u00e0 du domaine pr\u00e9sent\u00e9 par Middex. Nous les produisons en diff\u00e9rentes quantit\u00e9s [&hellip;]","og_url":"https:\/\/middex.de\/fr\/services\/","og_site_name":"MIDDEX","article_modified_time":"2025-06-26T07:34:04+00:00","og_image":[{"width":1901,"height":675,"url":"https:\/\/middex.de\/wp-content\/uploads\/2025\/05\/HeaderLeistungen.webp","type":"image\/webp"}],"twitter_card":"summary_large_image","twitter_misc":{"Dur\u00e9e de lecture estim\u00e9e":"4 minutes"},"schema":{"@context":"https:\/\/schema.org","@graph":[{"@type":"WebPage","@id":"https:\/\/middex.de\/fr\/services\/","url":"https:\/\/middex.de\/fr\/services\/","name":"Services - MIDDEX","isPartOf":{"@id":"https:\/\/middex.de\/fr\/#website"},"primaryImageOfPage":{"@id":"https:\/\/middex.de\/fr\/services\/#primaryimage"},"image":{"@id":"https:\/\/middex.de\/fr\/services\/#primaryimage"},"thumbnailUrl":"https:\/\/middex.de\/wp-content\/uploads\/2025\/05\/HeaderLeistungen.webp","datePublished":"2020-11-02T10:23:27+00:00","dateModified":"2025-06-26T07:34:04+00:00","breadcrumb":{"@id":"https:\/\/middex.de\/fr\/services\/#breadcrumb"},"inLanguage":"fr-FR","potentialAction":[{"@type":"ReadAction","target":["https:\/\/middex.de\/fr\/services\/"]}]},{"@type":"ImageObject","inLanguage":"fr-FR","@id":"https:\/\/middex.de\/fr\/services\/#primaryimage","url":"https:\/\/middex.de\/wp-content\/uploads\/2025\/05\/HeaderLeistungen.webp","contentUrl":"https:\/\/middex.de\/wp-content\/uploads\/2025\/05\/HeaderLeistungen.webp","width":1901,"height":675,"caption":"Middex Leistungen"},{"@type":"BreadcrumbList","@id":"https:\/\/middex.de\/fr\/services\/#breadcrumb","itemListElement":[{"@type":"ListItem","position":1,"name":"Startseite","item":"https:\/\/middex.de\/fr\/"},{"@type":"ListItem","position":2,"name":"Services"}]},{"@type":"WebSite","@id":"https:\/\/middex.de\/fr\/#website","url":"https:\/\/middex.de\/fr\/","name":"MIDDEX","description":"Werkzeug\u00fcberwachung | Motoransteuerungen | Schrittmotoren","publisher":{"@id":"https:\/\/middex.de\/fr\/#organization"},"potentialAction":[{"@type":"SearchAction","target":{"@type":"EntryPoint","urlTemplate":"https:\/\/middex.de\/fr\/?s={search_term_string}"},"query-input":{"@type":"PropertyValueSpecification","valueRequired":true,"valueName":"search_term_string"}}],"inLanguage":"fr-FR"},{"@type":"Organization","@id":"https:\/\/middex.de\/fr\/#organization","name":"MIDDEX","url":"https:\/\/middex.de\/fr\/","logo":{"@type":"ImageObject","inLanguage":"fr-FR","@id":"https:\/\/middex.de\/fr\/#\/schema\/logo\/image\/","url":"https:\/\/middex.de\/wp-content\/uploads\/2021\/01\/middex-logo.svg","contentUrl":"https:\/\/middex.de\/wp-content\/uploads\/2021\/01\/middex-logo.svg","width":"1024","height":"1024","caption":"MIDDEX"},"image":{"@id":"https:\/\/middex.de\/fr\/#\/schema\/logo\/image\/"}}]}},"_links":{"self":[{"href":"https:\/\/middex.de\/fr\/wp-json\/wp\/v2\/pages\/6859","targetHints":{"allow":["GET"]}}],"collection":[{"href":"https:\/\/middex.de\/fr\/wp-json\/wp\/v2\/pages"}],"about":[{"href":"https:\/\/middex.de\/fr\/wp-json\/wp\/v2\/types\/page"}],"author":[{"embeddable":true,"href":"https:\/\/middex.de\/fr\/wp-json\/wp\/v2\/users\/1"}],"replies":[{"embeddable":true,"href":"https:\/\/middex.de\/fr\/wp-json\/wp\/v2\/comments?post=6859"}],"version-history":[{"count":53,"href":"https:\/\/middex.de\/fr\/wp-json\/wp\/v2\/pages\/6859\/revisions"}],"predecessor-version":[{"id":10978,"href":"https:\/\/middex.de\/fr\/wp-json\/wp\/v2\/pages\/6859\/revisions\/10978"}],"wp:featuredmedia":[{"embeddable":true,"href":"https:\/\/middex.de\/fr\/wp-json\/wp\/v2\/media\/10632"}],"wp:attachment":[{"href":"https:\/\/middex.de\/fr\/wp-json\/wp\/v2\/media?parent=6859"}],"curies":[{"name":"wp","href":"https:\/\/api.w.org\/{rel}","templated":true}]}}